{"id":107,"date":"2024-07-15T19:37:22","date_gmt":"2024-07-15T17:37:22","guid":{"rendered":"https:\/\/xn--coeurdesoi-qbb.com\/?page_id=107"},"modified":"2025-05-02T01:51:33","modified_gmt":"2025-05-01T23:51:33","slug":"tarifs","status":"publish","type":"page","link":"https:\/\/xn--coeurdesoi-qbb.com\/index.php\/tarifs\/","title":{"rendered":"Prestations"},"content":{"rendered":"\n<h3 class=\"wp-block-heading has-text-align-center\"><a href=\"https:\/\/xn--coeurdesoi-qbb.com\/index.php\/formules-massages\/\" data-type=\"page\" data-id=\"52\" target=\"_blank\" rel=\"noreferrer noopener\">Les soins massage<\/a><\/h3>\n\n\n\n<p class=\"has-text-align-center\">Choisissez <strong>le massage signature \u00ab\u00a0\u00d4 c\u0153ur de soi\u00a0\u00bb<\/strong> ou un autre massage (dur\u00e9e 1h-1h30- 2h)<\/p>\n\n\n\n<p class=\"has-text-align-center\"><strong>1h : 65\u20ac &#8211; 1h30 : 95\u20ac &#8211; 2h : 130\u20ac<\/strong><\/p>\n\n\n\n<div class=\"wp-block-media-text is-stacked-on-mobile\" style=\"grid-template-columns:28% auto\"><figure class=\"wp-block-media-text__media\"><img loading=\"lazy\" decoding=\"async\" width=\"290\" height=\"174\" src=\"http:\/\/xn--coeurdesoi-qbb.com\/wp-content\/uploads\/slider2\/Tuina-dos.jpeg\" alt=\"\" class=\"wp-image-429 size-full\"\/><\/figure><div class=\"wp-block-media-text__content\">\n<ul class=\"wp-block-list\">\n<li><strong><a href=\"https:\/\/xn--coeurdesoi-qbb.com\/index.php\/soin-n1-detente-du-corps-entier-le-massage-signature-o-coeur-de-soi\/\" data-type=\"page\" data-id=\"747\">Soin n\u00b01 : <\/a>Massage signature \u00ab\u00a0\u00d4 c\u0153ur de soi\u00a0\u00bb<\/strong> corps complet<\/li>\n\n\n\n<li><strong><a href=\"https:\/\/xn--coeurdesoi-qbb.com\/index.php\/soin-n2-detente-des-pieds-reflexologie-plantaire\/\" data-type=\"page\" data-id=\"742\">Soin n\u00b02 :<\/a> Massage des pieds : \u00ab\u00a0R\u00e9flexologie plantaire\u00a0\u00bb<\/strong> soin \u00e9gyptien<\/li>\n\n\n\n<li><strong><a href=\"https:\/\/xn--coeurdesoi-qbb.com\/index.php\/soin-n3-detente-du-dos\/\" data-type=\"page\" data-id=\"732\">Soin n\u00b03 :<\/a> Massage du dos : \u00ab\u00a0TUI NA\u00a0\u00bb<\/strong> soin chinois<\/li>\n\n\n\n<li><strong><a href=\"https:\/\/xn--coeurdesoi-qbb.com\/index.php\/soin-n4-detente-du-ventre\/\" data-type=\"page\" data-id=\"717\">Soin n\u00b04 :<\/a> Massage du ventre : \u00ab\u00a0CHI NEI TSANG\u00a0\u00bb<\/strong> soin japonais<\/li>\n\n\n\n<li><strong><a href=\"https:\/\/xn--coeurdesoi-qbb.com\/index.php\/soin-n5-detente-des-jambes\/\" data-type=\"page\" data-id=\"709\">Soin n\u00b05 :<\/a> Massage des jambes : PAGATCHAMPI\u00a0\u00bb<\/strong> soin indien<\/li>\n\n\n\n<li><strong><a href=\"https:\/\/xn--coeurdesoi-qbb.com\/index.php\/soin-n6-detente-du-visage\/\" data-type=\"page\" data-id=\"702\">Soin n\u00b06 :<\/a> Massage du visage : \u00ab\u00a0DIEM CHAM\u00a0\u00bb<\/strong> soin vietnamien<\/li>\n<\/ul>\n<\/div><\/div>\n\n\n\n<p class=\"has-text-align-center\">1h = 1 formule MAGIC offerte \u2013 1h30= 2 formules MAGIC offertes et 2h= 3 formules MAGIC offertes<\/p>\n\n\n\n<div class=\"wp-block-buttons is-content-justification-center is-layout-flex wp-container-core-buttons-is-layout-16018d1d wp-block-buttons-is-layout-flex\">\n<div class=\"wp-block-button is-style-fill\"><a class=\"wp-block-button__link has-white-color has-text-color has-background has-link-color has-medium-font-size has-text-align-center has-custom-font-size wp-element-button\" href=\"https:\/\/xn--coeurdesoi-qbb.com\/index.php\/formules-massages\/\" style=\"background:linear-gradient(158deg,rgb(242,235,235) 0%,rgb(17,237,200) 100%)\"><strong>En savoir plus<\/strong><\/a><\/div>\n<\/div>\n\n\n\n<p><br><br><\/p>\n\n\n\n<h3 class=\"wp-block-heading has-text-align-center\"><strong><a href=\"https:\/\/xn--coeurdesoi-qbb.com\/index.php\/descriptions-des-soins\/\" data-type=\"page\" data-id=\"50\" target=\"_blank\" rel=\"noreferrer noopener\">Les 7 formules MAGIC<\/a><\/strong><\/h3>\n\n\n\n<p class=\"has-text-align-center\">Au choix : 25\u20ac &#8211; Ajoutez de la magie \u00e0 votre s\u00e9ance de bien-\u00eatre !<\/p>\n\n\n\n<div class=\"wp-block-media-text is-stacked-on-mobile\" style=\"grid-template-columns:28% auto\"><figure class=\"wp-block-media-text__media\"><img loading=\"lazy\" decoding=\"async\" width=\"276\" height=\"183\" src=\"http:\/\/xn--coeurdesoi-qbb.com\/wp-content\/uploads\/2024\/09\/Naturopathie.jpg\" alt=\"\" class=\"wp-image-153 size-full\"\/><\/figure><div class=\"wp-block-media-text__content\">\n<ul class=\"wp-block-list\">\n<li><strong>Magic 1 &#8211; \u00ab\u00a0Avoir du bol\u00a0\u00bb : <\/strong>sonoth\u00e9rapie aux bols de gu\u00e9rison tib\u00e9tains pendant le soin de massage.<\/li>\n\n\n\n<li><strong>Magic 2 &#8211; \u00ab\u00a0Chakras essentiels\u00a0\u00bb :<\/strong> soin d&rsquo;harmonisation de vos centres \u00e9nerg\u00e9tiques pendant le soin de massage.<\/li>\n\n\n\n<li><strong>Magic 3 &#8211; \u00ab\u00a0La voix du coeur\u00a0\u00bb :<\/strong> soin audio de coh\u00e9rence cardiaque avant le massage.<\/li>\n\n\n\n<li><strong>Magic 4 &#8211; \u00ab\u00a0Lovely tapping\u00a0\u00bb :<\/strong> soin personnalis\u00e9 d&rsquo;EFT avant ou apr\u00e8s le soin de massage.<\/li>\n\n\n\n<li><strong>Magic 5 &#8211; \u00ab\u00a0Ga\u00efa &amp; moi\u00a0\u00bb :<\/strong> M\u00e9ditation guid\u00e9e de reconnexion \u00e0 la terre, soin d&rsquo;ancrage puissant.<\/li>\n\n\n\n<li><strong>Magic 6 &#8211; \u00ab\u00a0Oracle\u00a0\u00bb :<\/strong> soin de guidance gr\u00e2ce au tirage de cartes oracles (large choix de cartes oracles et de tarots divinatoires).<\/li>\n\n\n\n<li><strong>Magic 7 &#8211; \u00ab\u00a0Formule du point z\u00e9ro\u00a0\u00bb :<\/strong> soin inspir\u00e9 de la Canadienne Louisane VENNE LANDRY avec son jeu de cartes.<\/li>\n<\/ul>\n<\/div><\/div>\n\n\n\n<div class=\"wp-block-buttons is-content-justification-center is-layout-flex wp-container-core-buttons-is-layout-16018d1d wp-block-buttons-is-layout-flex\">\n<div class=\"wp-block-button is-style-fill\"><a class=\"wp-block-button__link has-white-color has-text-color has-background has-link-color has-medium-font-size has-text-align-center has-custom-font-size wp-element-button\" href=\"https:\/\/xn--coeurdesoi-qbb.com\/index.php\/descriptions-des-soins\/\" style=\"background:linear-gradient(158deg,rgb(242,235,235) 0%,rgb(17,237,200) 100%)\"><strong>En savoir plus<\/strong><\/a><\/div>\n<\/div>\n\n\n\n<p><br><br><\/p>\n\n\n\n<h3 class=\"wp-block-heading has-text-align-center\"><a href=\"https:\/\/xn--coeurdesoi-qbb.com\/index.php\/formules-undula\/\" data-type=\"page\" data-id=\"54\" target=\"_blank\" rel=\"noreferrer noopener\">Formule SPA \u00ab\u00a0Undula Zen\u00a0\u00bb<\/a><\/h3>\n\n\n\n<p class=\"has-text-align-center\"><strong>Dur\u00e9e de 3h &#8211; En solo : 150 \u20ac ou en duo : 250\u20ac ou en trio : 350\u20ac<\/strong><\/p>\n\n\n\n<div class=\"wp-block-media-text is-stacked-on-mobile\" style=\"grid-template-columns:23% auto\"><figure class=\"wp-block-media-text__media\"><img loading=\"lazy\" decoding=\"async\" width=\"434\" height=\"638\" src=\"http:\/\/xn--coeurdesoi-qbb.com\/wp-content\/uploads\/2025\/02\/sauna.jpg\" alt=\"\" class=\"wp-image-209 size-full\" srcset=\"https:\/\/xn--coeurdesoi-qbb.com\/wp-content\/uploads\/2025\/02\/sauna.jpg 434w, https:\/\/xn--coeurdesoi-qbb.com\/wp-content\/uploads\/2025\/02\/sauna-204x300.jpg 204w\" sizes=\"auto, (max-width: 434px) 100vw, 434px\" \/><\/figure><div class=\"wp-block-media-text__content\">\n<p>Venez profitez de l&rsquo;accueil paisible et zen de cet endroit unique pour votre bien-\u00eatre, choisissez pour 3h de vous d\u00e9tendre et de d\u00e9couvrir tous les bienfaits de cette <strong>formule SPA.<\/strong><\/p>\n\n\n\n<p>Installez-vous au SPA et <strong>accordez vous une vraie pause gr\u00e2ce \u00e0 l&rsquo;espace offert pour profitez du sauna, des transats \u00e0 z\u00e9ro gravitation, du bol d&rsquo;air Jacquier et de la lampe \u00ab\u00a0Lucia\u00a0\u00bb.<\/strong> Une formule con\u00e7ue sp\u00e9cialement pour vous relaxer et vous retrouver dans la s\u00e9r\u00e9nit\u00e9 et le calme qu&rsquo;offre cet espace de bien-\u00eatre UNDULA.<\/p>\n<\/div><\/div>\n\n\n\n<div class=\"wp-block-buttons is-content-justification-center is-layout-flex wp-container-core-buttons-is-layout-16018d1d wp-block-buttons-is-layout-flex\">\n<div class=\"wp-block-button is-style-fill\"><a class=\"wp-block-button__link has-white-color has-text-color has-background has-link-color has-medium-font-size has-custom-font-size wp-element-button\" href=\"https:\/\/xn--coeurdesoi-qbb.com\/index.php\/formules-undula\/\" style=\"background:linear-gradient(158deg,rgb(242,235,235) 0%,rgb(17,237,200) 100%)\"><strong>En savoir plus<\/strong><\/a><\/div>\n<\/div>\n\n\n\n<p><br><br><\/p>\n\n\n\n<h3 class=\"wp-block-heading has-text-align-center\"><a href=\"https:\/\/xn--coeurdesoi-qbb.com\/index.php\/lampe-lucia\/\" data-type=\"page\" data-id=\"85\" target=\"_blank\" rel=\"noreferrer noopener\">Lampe Lucia<\/a><\/h3>\n\n\n\n<p class=\"has-text-align-center\">Dur\u00e9e environ 1h pr\u00e9paration comprise &#8211; La s\u00e9ance : 45\u20ac<\/p>\n\n\n\n<div class=\"wp-block-media-text is-stacked-on-mobile\" style=\"grid-template-columns:31% auto\"><figure class=\"wp-block-media-text__media\"><img loading=\"lazy\" decoding=\"async\" width=\"851\" height=\"315\" src=\"http:\/\/xn--coeurdesoi-qbb.com\/wp-content\/uploads\/slider2\/lucia_image.jpeg\" alt=\"\" class=\"wp-image-435 size-full\" srcset=\"https:\/\/xn--coeurdesoi-qbb.com\/wp-content\/uploads\/slider2\/lucia_image.jpeg 851w, https:\/\/xn--coeurdesoi-qbb.com\/wp-content\/uploads\/slider2\/lucia_image-300x111.jpeg 300w, https:\/\/xn--coeurdesoi-qbb.com\/wp-content\/uploads\/slider2\/lucia_image-768x284.jpeg 768w\" sizes=\"auto, (max-width: 851px) 100vw, 851px\" \/><\/figure><div class=\"wp-block-media-text__content\">\n<p>La s\u00e9ance accompagn\u00e9 d&rsquo;un op\u00e9rateur habilit\u00e9 comprend une phase de test de 2min, une phase d&rsquo;essai \u00e0 5min et entre 20 et 30min de soin.<\/p>\n<\/div><\/div>\n\n\n\n<div class=\"wp-block-buttons is-content-justification-center is-layout-flex wp-container-core-buttons-is-layout-16018d1d wp-block-buttons-is-layout-flex\">\n<div class=\"wp-block-button is-style-fill\"><a class=\"wp-block-button__link has-white-color has-text-color has-background has-link-color has-medium-font-size has-custom-font-size wp-element-button\" href=\"https:\/\/xn--coeurdesoi-qbb.com\/index.php\/lampe-lucia\/\" style=\"background:linear-gradient(158deg,rgb(242,235,235) 0%,rgb(17,237,200) 100%)\"><strong>En savoir plus<\/strong><\/a><\/div>\n<\/div>\n\n\n\n<p><br><br><\/p>\n\n\n\n<h3 class=\"wp-block-heading has-text-align-center\"><a href=\"https:\/\/xn--coeurdesoi-qbb.com\/index.php\/bol-dair-jacquier\/\" data-type=\"page\" data-id=\"86\" target=\"_blank\" rel=\"noreferrer noopener\">Bol d&rsquo;air Jacquier<\/a><\/h3>\n\n\n\n<p class=\"has-text-align-center\">Dur\u00e9e environ 10min &#8211; La s\u00e9ance : 15\u20ac<\/p>\n\n\n\n<div class=\"wp-block-media-text is-stacked-on-mobile\" style=\"grid-template-columns:18% auto\"><figure class=\"wp-block-media-text__media\"><img loading=\"lazy\" decoding=\"async\" width=\"960\" height=\"960\" src=\"http:\/\/xn--coeurdesoi-qbb.com\/wp-content\/uploads\/slider2\/bol-jacquier.jpeg\" alt=\"\" class=\"wp-image-422 size-full\" srcset=\"https:\/\/xn--coeurdesoi-qbb.com\/wp-content\/uploads\/slider2\/bol-jacquier.jpeg 960w, https:\/\/xn--coeurdesoi-qbb.com\/wp-content\/uploads\/slider2\/bol-jacquier-300x300.jpeg 300w, https:\/\/xn--coeurdesoi-qbb.com\/wp-content\/uploads\/slider2\/bol-jacquier-150x150.jpeg 150w, https:\/\/xn--coeurdesoi-qbb.com\/wp-content\/uploads\/slider2\/bol-jacquier-768x768.jpeg 768w, https:\/\/xn--coeurdesoi-qbb.com\/wp-content\/uploads\/slider2\/bol-jacquier-65x65.jpeg 65w, https:\/\/xn--coeurdesoi-qbb.com\/wp-content\/uploads\/slider2\/bol-jacquier-160x159.jpeg 160w\" sizes=\"auto, (max-width: 960px) 100vw, 960px\" \/><\/figure><div class=\"wp-block-media-text__content\">\n<p>S\u00e9ance en autonomie de r\u00e9-oxyg\u00e9nation des cellules \u00e0 l&rsquo;huile essentielle de pin 100% naturelle et bio.<\/p>\n<\/div><\/div>\n\n\n\n<div class=\"wp-block-buttons is-content-justification-center is-layout-flex wp-container-core-buttons-is-layout-16018d1d wp-block-buttons-is-layout-flex\">\n<div class=\"wp-block-button is-style-fill\"><a class=\"wp-block-button__link has-white-color has-text-color has-background has-link-color has-medium-font-size has-custom-font-size wp-element-button\" href=\"https:\/\/xn--coeurdesoi-qbb.com\/index.php\/bol-dair-jacquier\/\" style=\"background:linear-gradient(158deg,rgb(242,235,235) 0%,rgb(17,237,200) 100%)\"><strong>En savoir plus<\/strong><\/a><\/div>\n<\/div>\n","protected":false},"excerpt":{"rendered":"<p>Les soins massage Choisissez le massage signature \u00ab\u00a0\u00d4 c\u0153ur de soi\u00a0\u00bb ou un autre massage (dur\u00e9e 1h-1h30- 2h) 1h : 65\u20ac &#8211; 1h30 : 95\u20ac &#8211; 2h : 130\u20ac 1h = 1 formule MAGIC offerte \u2013 1h30= 2 formules MAGIC offertes et 2h= 3 formules MAGIC offertes Les 7 formules MAGIC Au choix : 25\u20ac &hellip; <\/p>\n","protected":false},"author":1,"featured_media":0,"parent":0,"menu_order":0,"comment_status":"closed","ping_status":"closed","template":"","meta":{"footnotes":""},"class_list":["post-107","page","type-page","status-publish","hentry"],"_links":{"self":[{"href":"https:\/\/xn--coeurdesoi-qbb.com\/index.php\/wp-json\/wp\/v2\/pages\/107","targetHints":{"allow":["GET"]}}],"collection":[{"href":"https:\/\/xn--coeurdesoi-qbb.com\/index.php\/wp-json\/wp\/v2\/pages"}],"about":[{"href":"https:\/\/xn--coeurdesoi-qbb.com\/index.php\/wp-json\/wp\/v2\/types\/page"}],"author":[{"embeddable":true,"href":"https:\/\/xn--coeurdesoi-qbb.com\/index.php\/wp-json\/wp\/v2\/users\/1"}],"replies":[{"embeddable":true,"href":"https:\/\/xn--coeurdesoi-qbb.com\/index.php\/wp-json\/wp\/v2\/comments?post=107"}],"version-history":[{"count":43,"href":"https:\/\/xn--coeurdesoi-qbb.com\/index.php\/wp-json\/wp\/v2\/pages\/107\/revisions"}],"predecessor-version":[{"id":820,"href":"https:\/\/xn--coeurdesoi-qbb.com\/index.php\/wp-json\/wp\/v2\/pages\/107\/revisions\/820"}],"wp:attachment":[{"href":"https:\/\/xn--coeurdesoi-qbb.com\/index.php\/wp-json\/wp\/v2\/media?parent=107"}],"curies":[{"name":"wp","href":"https:\/\/api.w.org\/{rel}","templated":true}]}}