{"id":131,"date":"2024-09-11T16:20:53","date_gmt":"2024-09-11T14:20:53","guid":{"rendered":"https:\/\/xn--coeurdesoi-qbb.com\/?page_id=131"},"modified":"2025-04-27T17:36:30","modified_gmt":"2025-04-27T15:36:30","slug":"la-gune-vous-et-moi","status":"publish","type":"page","link":"https:\/\/xn--coeurdesoi-qbb.com\/index.php\/la-gune-vous-et-moi\/","title":{"rendered":"La \u011e1, vous et moi"},"content":{"rendered":"\n<h4 class=\"wp-block-heading has-text-align-center\">L&rsquo;espace de bien-\u00eatre \u00ab\u00a0UNDULA\u00a0\u00bb accueille tous les membres de la \u011e1 !<\/h4>\n\n\n\n<div class=\"wp-block-media-text is-stacked-on-mobile\" style=\"grid-template-columns:33% auto\"><figure class=\"wp-block-media-text__media\"><img loading=\"lazy\" decoding=\"async\" width=\"576\" height=\"604\" src=\"http:\/\/xn--coeurdesoi-qbb.com\/wp-content\/uploads\/2025\/02\/OrelyCesium.jpg\" alt=\"\" class=\"wp-image-192 size-full\" srcset=\"https:\/\/xn--coeurdesoi-qbb.com\/wp-content\/uploads\/2025\/02\/OrelyCesium.jpg 576w, https:\/\/xn--coeurdesoi-qbb.com\/wp-content\/uploads\/2025\/02\/OrelyCesium-286x300.jpg 286w\" sizes=\"auto, (max-width: 576px) 100vw, 576px\" \/><\/figure><div class=\"wp-block-media-text__content\">\n<p>Vous pouvez retrouver la page d&rsquo;Undula dans l&rsquo;annuaire de Cesium :<br><strong>Espace bien-\u00eatre &amp; SPA \u00e0 UNDULA<\/strong><br>Les prestations sont en prix libre avec un montant minimum de 50 DU\/\u011e1 <br>R\u00e8glement par virement vers mon compte Monnaie Libre<br>Cl\u00e9 publique : GxFAcPwv5pHsUnyHT2gLr2R1aHeF9HqAiyRLwg5SAvsN:CrC<br><br>Qr Code du portefeuille \u011e1 :<\/p>\n\n\n<div class=\"wp-block-image\">\n<figure class=\"aligncenter size-full is-resized\"><img loading=\"lazy\" decoding=\"async\" width=\"942\" height=\"928\" src=\"http:\/\/xn--coeurdesoi-qbb.com\/wp-content\/uploads\/2025\/02\/QrOrely-1.jpg\" alt=\"\" class=\"wp-image-191\" style=\"width:193px;height:auto\" srcset=\"https:\/\/xn--coeurdesoi-qbb.com\/wp-content\/uploads\/2025\/02\/QrOrely-1.jpg 942w, https:\/\/xn--coeurdesoi-qbb.com\/wp-content\/uploads\/2025\/02\/QrOrely-1-300x296.jpg 300w, https:\/\/xn--coeurdesoi-qbb.com\/wp-content\/uploads\/2025\/02\/QrOrely-1-768x757.jpg 768w\" sizes=\"auto, (max-width: 942px) 100vw, 942px\" \/><\/figure><\/div><\/div><\/div>\n\n\n\n<p><\/p>\n\n\n\n<p class=\"has-text-align-center\">Pour d\u00e9couvrir ce qu&rsquo;est la Monnaie Libre \u011e1, rendez-vous sur le site <a href=\"http:\/\/monnaie-libre.fr\">http:\/\/monnaie-libre.fr<\/a><\/p>\n","protected":false},"excerpt":{"rendered":"<p>L&rsquo;espace de bien-\u00eatre \u00ab\u00a0UNDULA\u00a0\u00bb accueille tous les membres de la \u011e1 ! Pour d\u00e9couvrir ce qu&rsquo;est la Monnaie Libre \u011e1, rendez-vous sur le site http:\/\/monnaie-libre.fr<\/p>\n","protected":false},"author":1,"featured_media":0,"parent":0,"menu_order":0,"comment_status":"closed","ping_status":"closed","template":"","meta":{"footnotes":""},"class_list":["post-131","page","type-page","status-publish","hentry"],"_links":{"self":[{"href":"https:\/\/xn--coeurdesoi-qbb.com\/index.php\/wp-json\/wp\/v2\/pages\/131","targetHints":{"allow":["GET"]}}],"collection":[{"href":"https:\/\/xn--coeurdesoi-qbb.com\/index.php\/wp-json\/wp\/v2\/pages"}],"about":[{"href":"https:\/\/xn--coeurdesoi-qbb.com\/index.php\/wp-json\/wp\/v2\/types\/page"}],"author":[{"embeddable":true,"href":"https:\/\/xn--coeurdesoi-qbb.com\/index.php\/wp-json\/wp\/v2\/users\/1"}],"replies":[{"embeddable":true,"href":"https:\/\/xn--coeurdesoi-qbb.com\/index.php\/wp-json\/wp\/v2\/comments?post=131"}],"version-history":[{"count":15,"href":"https:\/\/xn--coeurdesoi-qbb.com\/index.php\/wp-json\/wp\/v2\/pages\/131\/revisions"}],"predecessor-version":[{"id":777,"href":"https:\/\/xn--coeurdesoi-qbb.com\/index.php\/wp-json\/wp\/v2\/pages\/131\/revisions\/777"}],"wp:attachment":[{"href":"https:\/\/xn--coeurdesoi-qbb.com\/index.php\/wp-json\/wp\/v2\/media?parent=131"}],"curies":[{"name":"wp","href":"https:\/\/api.w.org\/{rel}","templated":true}]}}