{"id":50,"date":"2024-07-14T21:15:43","date_gmt":"2024-07-14T19:15:43","guid":{"rendered":"https:\/\/xn--coeurdesoi-qbb.com\/?page_id=50"},"modified":"2025-04-27T15:20:42","modified_gmt":"2025-04-27T13:20:42","slug":"descriptions-des-soins","status":"publish","type":"page","link":"https:\/\/xn--coeurdesoi-qbb.com\/index.php\/descriptions-des-soins\/","title":{"rendered":"Les 7 formules MAGIC"},"content":{"rendered":"\n<p><strong>Les Formules \u00ab&nbsp;MAGIC&nbsp;\u00bb&nbsp;sont au choix ou offertes en compl\u00e9ment de votre soin de massage. Valeur d\u2019une formule MAGIC 25\u20ac &#8211; Dur\u00e9e de 10mn \u00e0 30mn<\/strong><\/p>\n\n\n\n<h4 class=\"wp-block-heading has-text-align-center\"><strong><strong>Formule MAGIC 1 \u00ab&nbsp;Avoir du bol&nbsp;\u00bb<\/strong> <\/strong><\/h4>\n\n\n\n<div class=\"wp-block-media-text is-stacked-on-mobile\" style=\"grid-template-columns:29% auto\"><figure class=\"wp-block-media-text__media\"><img loading=\"lazy\" decoding=\"async\" width=\"768\" height=\"536\" src=\"http:\/\/xn--coeurdesoi-qbb.com\/wp-content\/uploads\/2025\/04\/bol_tibetain.jpg\" alt=\"\" class=\"wp-image-319 size-full\" srcset=\"https:\/\/xn--coeurdesoi-qbb.com\/wp-content\/uploads\/2025\/04\/bol_tibetain.jpg 768w, https:\/\/xn--coeurdesoi-qbb.com\/wp-content\/uploads\/2025\/04\/bol_tibetain-300x209.jpg 300w\" sizes=\"auto, (max-width: 768px) 100vw, 768px\" \/><\/figure><div class=\"wp-block-media-text__content\">\n<p>Une d\u00e9tente sonore avec les bols tib\u00e9tains.<br>\u00ab BOLS chantants de gu\u00e9rison \u00bb, c&rsquo;est un d\u00e9tente profonde gr\u00e2ce \u00e0 la sonoth\u00e9rapie \u2013 Protocole visant \u00e0 retrouver une sant\u00e9 harmonieuse.<\/p>\n<\/div><\/div>\n\n\n\n<p><\/p>\n\n\n\n<h4 class=\"wp-block-heading has-text-align-center\"><strong>Formule MAGIC 2 \u00ab&nbsp;Chakras essentiels&nbsp;\u00bb<\/strong><\/h4>\n\n\n\n<div class=\"wp-block-media-text is-stacked-on-mobile\" style=\"grid-template-columns:29% auto\"><figure class=\"wp-block-media-text__media\"><img loading=\"lazy\" decoding=\"async\" width=\"736\" height=\"508\" src=\"https:\/\/xn--coeurdesoi-qbb.com\/wp-content\/uploads\/2025\/04\/mains-et-pierres2.jpeg\" alt=\"\" class=\"wp-image-522 size-full\" srcset=\"https:\/\/xn--coeurdesoi-qbb.com\/wp-content\/uploads\/2025\/04\/mains-et-pierres2.jpeg 736w, https:\/\/xn--coeurdesoi-qbb.com\/wp-content\/uploads\/2025\/04\/mains-et-pierres2-300x207.jpeg 300w\" sizes=\"auto, (max-width: 736px) 100vw, 736px\" \/><\/figure><div class=\"wp-block-media-text__content\">\n<p>Un Soin \u00e9nerg\u00e9tique d\u2019harmonisation des 7 <strong>Chakras<\/strong> du corps afin que l&rsquo;\u00e9nergie circule correctement entre eux. C&rsquo;est un th\u00e9rapie intuitive sur un ou plusieurs chakras pour retrouver votre plein potentiel \u00e9nerg\u00e9tique.<\/p>\n<\/div><\/div>\n\n\n\n<p><\/p>\n\n\n\n<h4 class=\"wp-block-heading has-text-align-center\"><strong>Formule MAGIC 3 \u00ab&nbsp;La voix du coeur<\/strong>&nbsp;\u00bb <\/h4>\n\n\n\n<div class=\"wp-block-media-text is-stacked-on-mobile\" style=\"grid-template-columns:29% auto\"><figure class=\"wp-block-media-text__media\"><img loading=\"lazy\" decoding=\"async\" width=\"283\" height=\"176\" src=\"https:\/\/xn--coeurdesoi-qbb.com\/wp-content\/uploads\/2025\/04\/o-coeur-de-soi2.jpeg\" alt=\"\" class=\"wp-image-525 size-full\"\/><\/figure><div class=\"wp-block-media-text__content\">\n<p>Une m\u00e9ditation cr\u00e9ative guid\u00e9e, visualisation positive et exercices de respiration. C&rsquo;est un d\u00e9tente profonde gr\u00e2ce \u00e0 la relaxation guid\u00e9e au son de ma voix.<\/p>\n<\/div><\/div>\n\n\n\n<p><\/p>\n\n\n\n<h4 class=\"wp-block-heading has-text-align-center\"><strong>Formule MAGIC 4 \u00ab&nbsp;Lovely Tapping&nbsp;\u00bb<\/strong> <\/h4>\n\n\n\n<div class=\"wp-block-media-text is-stacked-on-mobile\" style=\"grid-template-columns:29% auto\"><figure class=\"wp-block-media-text__media\"><img loading=\"lazy\" decoding=\"async\" width=\"284\" height=\"177\" src=\"http:\/\/xn--coeurdesoi-qbb.com\/wp-content\/uploads\/2024\/09\/EFT.jpg\" alt=\"\" class=\"wp-image-152 size-full\"\/><\/figure><div class=\"wp-block-media-text__content\">\n<p>Une formule personnalis\u00e9e d\u2019un exercice d\u2019EFT en lien avec vos besoins du moment. C&rsquo;est une th\u00e9rapie visant \u00e0 am\u00e9liorer la confiance en soi, l\u2019estime de soi et retrouver son bien-\u00eatre mental.<\/p>\n<\/div><\/div>\n\n\n\n<p><\/p>\n\n\n\n<h4 class=\"wp-block-heading has-text-align-center\"><strong>Formule MAGIC 5 \u00ab&nbsp;Ga\u00efa &amp; Moi&nbsp;\u00bb<\/strong> <\/h4>\n\n\n\n<div class=\"wp-block-media-text is-stacked-on-mobile\" style=\"grid-template-columns:29% auto\"><figure class=\"wp-block-media-text__media\"><img loading=\"lazy\" decoding=\"async\" width=\"276\" height=\"183\" src=\"http:\/\/xn--coeurdesoi-qbb.com\/wp-content\/uploads\/2024\/09\/Naturopathie.jpg\" alt=\"\" class=\"wp-image-153 size-full\"\/><\/figure><div class=\"wp-block-media-text__content\">\n<p>Avec des conseils en naturopathie, retrouvez les bienfaits et les vertus des plantes et de tout ce que propose les m\u00e9decines douces. Soulagez vos maux du quotidien par des huiles essentielles, des compl\u00e9ments alimentaires, des conseils en nutrition et hygi\u00e8ne de vie de base afin de retrouver votre vitalit\u00e9.<\/p>\n<\/div><\/div>\n\n\n\n<p><\/p>\n\n\n\n<h4 class=\"wp-block-heading has-text-align-center\"><strong>Formule MAGIC 6 \u00ab&nbsp;Point z\u00e9ro&nbsp;\u00bb <\/strong><\/h4>\n\n\n\n<div class=\"wp-block-media-text is-stacked-on-mobile\" style=\"grid-template-columns:29% auto\"><figure class=\"wp-block-media-text__media\"><img loading=\"lazy\" decoding=\"async\" width=\"654\" height=\"443\" src=\"https:\/\/xn--coeurdesoi-qbb.com\/wp-content\/uploads\/2025\/04\/Le-point-zero-2.png\" alt=\"\" class=\"wp-image-524 size-full\" srcset=\"https:\/\/xn--coeurdesoi-qbb.com\/wp-content\/uploads\/2025\/04\/Le-point-zero-2.png 654w, https:\/\/xn--coeurdesoi-qbb.com\/wp-content\/uploads\/2025\/04\/Le-point-zero-2-300x203.png 300w\" sizes=\"auto, (max-width: 654px) 100vw, 654px\" \/><\/figure><div class=\"wp-block-media-text__content\">\n<p>Cet exercice vous permettrez d\u2019utiliser l\u2019aspect n\u00e9gatif et l\u2019aspect positif de vos \u00e9motions et de cr\u00e9er ainsi une force d\u2019attraction.<\/p>\n<\/div><\/div>\n\n\n\n<p><\/p>\n\n\n\n<h4 class=\"wp-block-heading has-text-align-center\"><strong>Formule MAGIC 7 \u00ab&nbsp;Oracle&nbsp;\u00bb<\/strong> <\/h4>\n\n\n\n<div class=\"wp-block-media-text is-stacked-on-mobile\" style=\"grid-template-columns:29% auto\"><figure class=\"wp-block-media-text__media\"><img loading=\"lazy\" decoding=\"async\" width=\"728\" height=\"580\" src=\"http:\/\/xn--coeurdesoi-qbb.com\/wp-content\/uploads\/slider2\/image-formation-tirage-oracle.jpeg\" alt=\"\" class=\"wp-image-424 size-full\" srcset=\"https:\/\/xn--coeurdesoi-qbb.com\/wp-content\/uploads\/slider2\/image-formation-tirage-oracle.jpeg 728w, https:\/\/xn--coeurdesoi-qbb.com\/wp-content\/uploads\/slider2\/image-formation-tirage-oracle-300x239.jpeg 300w\" sizes=\"auto, (max-width: 728px) 100vw, 728px\" \/><\/figure><div class=\"wp-block-media-text__content\">\n<p>Avec diff\u00e9rents jeux divinatoires et cartes oracles, d\u00e9couvrez les messages de sagesse et de bienveillance vous concernant. Laissez-vous guider aussi par leurs rituels, pri\u00e8res, mantras ou conseils afin de vivre la pleine magie de la Vie&nbsp;!<\/p>\n<\/div><\/div>\n\n\n\n<p><\/p>\n\n\n\n<div class=\"wp-block-buttons is-content-justification-center is-layout-flex wp-container-core-buttons-is-layout-16018d1d wp-block-buttons-is-layout-flex\">\n<div class=\"wp-block-button is-style-fill\"><a class=\"wp-block-button__link has-white-color has-text-color has-background has-link-color has-medium-font-size has-custom-font-size wp-element-button\" href=\"https:\/\/xn--coeurdesoi-qbb.com\/index.php\/tarifs\/\" style=\"background:linear-gradient(158deg,rgb(242,235,235) 0%,rgb(17,237,200) 100%)\"><strong>Prestations<\/strong><\/a><\/div>\n<\/div>\n","protected":false},"excerpt":{"rendered":"<p>Les Formules \u00ab&nbsp;MAGIC&nbsp;\u00bb&nbsp;sont au choix ou offertes en compl\u00e9ment de votre soin de massage. Valeur d\u2019une formule MAGIC 25\u20ac &#8211; Dur\u00e9e de 10mn \u00e0 30mn Formule MAGIC 1 \u00ab&nbsp;Avoir du bol&nbsp;\u00bb Une d\u00e9tente sonore avec les bols tib\u00e9tains.\u00ab BOLS chantants de gu\u00e9rison \u00bb, c&rsquo;est un d\u00e9tente profonde gr\u00e2ce \u00e0 la sonoth\u00e9rapie \u2013 Protocole visant \u00e0 &hellip; <\/p>\n","protected":false},"author":1,"featured_media":0,"parent":0,"menu_order":0,"comment_status":"closed","ping_status":"closed","template":"","meta":{"footnotes":""},"class_list":["post-50","page","type-page","status-publish","hentry"],"_links":{"self":[{"href":"https:\/\/xn--coeurdesoi-qbb.com\/index.php\/wp-json\/wp\/v2\/pages\/50","targetHints":{"allow":["GET"]}}],"collection":[{"href":"https:\/\/xn--coeurdesoi-qbb.com\/index.php\/wp-json\/wp\/v2\/pages"}],"about":[{"href":"https:\/\/xn--coeurdesoi-qbb.com\/index.php\/wp-json\/wp\/v2\/types\/page"}],"author":[{"embeddable":true,"href":"https:\/\/xn--coeurdesoi-qbb.com\/index.php\/wp-json\/wp\/v2\/users\/1"}],"replies":[{"embeddable":true,"href":"https:\/\/xn--coeurdesoi-qbb.com\/index.php\/wp-json\/wp\/v2\/comments?post=50"}],"version-history":[{"count":20,"href":"https:\/\/xn--coeurdesoi-qbb.com\/index.php\/wp-json\/wp\/v2\/pages\/50\/revisions"}],"predecessor-version":[{"id":757,"href":"https:\/\/xn--coeurdesoi-qbb.com\/index.php\/wp-json\/wp\/v2\/pages\/50\/revisions\/757"}],"wp:attachment":[{"href":"https:\/\/xn--coeurdesoi-qbb.com\/index.php\/wp-json\/wp\/v2\/media?parent=50"}],"curies":[{"name":"wp","href":"https:\/\/api.w.org\/{rel}","templated":true}]}}