{"id":52,"date":"2024-07-14T21:16:26","date_gmt":"2024-07-14T19:16:26","guid":{"rendered":"https:\/\/xn--coeurdesoi-qbb.com\/?page_id=52"},"modified":"2025-04-27T15:37:44","modified_gmt":"2025-04-27T13:37:44","slug":"formules-massages","status":"publish","type":"page","link":"https:\/\/xn--coeurdesoi-qbb.com\/index.php\/formules-massages\/","title":{"rendered":"Soins Massage"},"content":{"rendered":"\n<div class=\"wp-block-media-text is-stacked-on-mobile\" style=\"grid-template-columns:24% auto\"><figure class=\"wp-block-media-text__media\"><img loading=\"lazy\" decoding=\"async\" width=\"350\" height=\"350\" src=\"http:\/\/xn--coeurdesoi-qbb.com\/wp-content\/uploads\/2025\/04\/mains-magiques-3.jpeg\" alt=\"\" class=\"wp-image-306 size-full\" srcset=\"https:\/\/xn--coeurdesoi-qbb.com\/wp-content\/uploads\/2025\/04\/mains-magiques-3.jpeg 350w, https:\/\/xn--coeurdesoi-qbb.com\/wp-content\/uploads\/2025\/04\/mains-magiques-3-300x300.jpeg 300w, https:\/\/xn--coeurdesoi-qbb.com\/wp-content\/uploads\/2025\/04\/mains-magiques-3-150x150.jpeg 150w, https:\/\/xn--coeurdesoi-qbb.com\/wp-content\/uploads\/2025\/04\/mains-magiques-3-65x65.jpeg 65w, https:\/\/xn--coeurdesoi-qbb.com\/wp-content\/uploads\/2025\/04\/mains-magiques-3-160x159.jpeg 160w\" sizes=\"auto, (max-width: 350px) 100vw, 350px\" \/><\/figure><div class=\"wp-block-media-text__content\">\n<p><strong>Prestations massages et les formules MAGIC<\/strong> en options avec votre soin<strong>&nbsp;<\/strong>:<\/p>\n\n\n\n<p>Choisissez <strong>le massage signature \u00ab&nbsp;\u00d4 c\u0153ur de soi&nbsp;\u00bb <\/strong>ou un autre massage et optez pour une ou plusieurs formules \u00ab&nbsp;MAGIC&nbsp;\u00bb en lien avec votre soin&nbsp;!<\/p>\n\n\n\n<p><strong>1h : 65\u20ac &#8211; 1h30 : 95\u20ac &#8211; 2h : 130\u20ac<\/strong><\/p>\n\n\n\n<p>1h= 1 formule MAGIC offerte &#8211; 1h30= 2 formules MAGIC offertes et 2h= 3 formules MAGIC offertes<\/p>\n<\/div><\/div>\n\n\n\n<p><\/p>\n\n\n\n<h4 class=\"wp-block-heading has-text-align-center\"><strong>SOIN n\u00b01 : D\u00e9tente du corps entier :<\/strong> <strong>le massage signature \u00ab \u00d4 c\u0153ur de soi<\/strong> <strong>\u00bb<\/strong><\/h4>\n\n\n\n<h5 class=\"wp-block-heading has-text-align-center\">Fermez les yeux et plongez \u00f4 c\u0153ur de vous m\u2019aime&nbsp;!<\/h5>\n\n\n\n<div class=\"wp-block-media-text is-stacked-on-mobile\" style=\"grid-template-columns:24% auto\"><figure class=\"wp-block-media-text__media\"><img loading=\"lazy\" decoding=\"async\" width=\"1024\" height=\"691\" src=\"http:\/\/xn--coeurdesoi-qbb.com\/wp-content\/uploads\/slider2\/massage_dos_undula-1024x691.jpeg\" alt=\"\" class=\"wp-image-434 size-full\" srcset=\"https:\/\/xn--coeurdesoi-qbb.com\/wp-content\/uploads\/slider2\/massage_dos_undula-1024x691.jpeg 1024w, https:\/\/xn--coeurdesoi-qbb.com\/wp-content\/uploads\/slider2\/massage_dos_undula-300x202.jpeg 300w, https:\/\/xn--coeurdesoi-qbb.com\/wp-content\/uploads\/slider2\/massage_dos_undula-768x518.jpeg 768w, https:\/\/xn--coeurdesoi-qbb.com\/wp-content\/uploads\/slider2\/massage_dos_undula.jpeg 1075w\" sizes=\"auto, (max-width: 1024px) 100vw, 1024px\" \/><\/figure><div class=\"wp-block-media-text__content\">\n<p><strong>Description du soin : <\/strong>Ce protocole dit \u00ab&nbsp;Intuitif&nbsp;\u00bb issus des soins du monde entier (techniques adapt\u00e9es \u00e0 votre besoin du moment issues des m\u00e9decines ayurv\u00e9diques, chinoises, tib\u00e9taines, cor\u00e9ennes, japonaises, californienne, su\u00e9doise &amp; hawa\u00efenne). C&rsquo;est un soin de reconnexion \u00e0 soi et de bien-\u00eatre profond.<br><strong>Dur\u00e9e :<\/strong> de 1h \u00e0 2h<\/p>\n<\/div><\/div>\n\n\n\n<p><\/p>\n\n\n\n<details class=\"wp-block-details is-layout-flow wp-block-details-is-layout-flow\"><summary>Le <strong>massage <\/strong>cherche \u00e0 promouvoir le bien-\u00eatre en g\u00e9n\u00e9ral et \u00e0 renforcer la d\u00e9tente et le calme, ainsi que la stimulation et le r\u00e9-\u00e9quilibrage de nos 5 syst\u00e8mes du corps (nerveux, circulatoire, digestif, respiratoire et immunitaire). <\/summary>\n<p>En outre, le massage favorise la sensibilit\u00e9 \u00e0 l\u2019interaction du corps et de l\u2019esprit, permettant \u00e0 chacun de prendre en charge son bien-\u00eatre, d\u2019att\u00e9nuer les tensions et r\u00e9duire consid\u00e9rablement le stress, la fatigue et les douleurs quotidiennes et r\u00e9guli\u00e8res.<\/p>\n\n\n\n<p>Ce massage enveloppant \u00e0 l&rsquo;huile apporte \u00e9nergie et r\u00e9tablit le magn\u00e9tisme du corps. Il r\u00e9\u00e9quilibre votre \u00e9nergie vitale et favorise un mieux-\u00eatre physique, \u00e9motionnel et psychique. Venez ressentir le temps d&rsquo;une bulle enchant\u00e9e tous les bienfaits de ce toucher du coeur.<\/p>\n\n\n\n<p>Ce soin vise essentiellement \u00e0 un retour \u00e0 Soi, \u00e0 plongez profond\u00e9ment \u00e0 l&rsquo;int\u00e9rieur de Soi et savourez l&rsquo;instant pr\u00e9sent dans le calme, la d\u00e9tente et le confort du corps retrouv\u00e9. <\/p>\n<\/details>\n\n\n\n<p><\/p>\n\n\n\n<div class=\"wp-block-buttons is-content-justification-center is-layout-flex wp-container-core-buttons-is-layout-16018d1d wp-block-buttons-is-layout-flex\">\n<div class=\"wp-block-button is-style-fill\"><a class=\"wp-block-button__link has-white-color has-text-color has-background has-link-color has-medium-font-size has-custom-font-size wp-element-button\" href=\"https:\/\/xn--coeurdesoi-qbb.com\/index.php\/soin-n1-detente-du-corps-entier-le-massage-signature-o-coeur-de-soi\/\" style=\"background:linear-gradient(158deg,rgb(242,235,235) 0%,rgb(17,237,200) 100%)\"><strong>En savoir plus<\/strong><\/a><\/div>\n<\/div>\n\n\n\n<p><br><\/p>\n\n\n\n<h4 class=\"wp-block-heading has-text-align-center\"><strong>SOIN n\u00b02 :<\/strong> <strong>D\u00e9tente des pieds :<\/strong> <strong>\u00ab REFLEXOLOGIE PLANTAIRE \u00bb<\/strong> <\/h4>\n\n\n\n<h5 class=\"wp-block-heading has-text-align-center\">Partez du bon pied !<\/h5>\n\n\n\n<div class=\"wp-block-media-text is-stacked-on-mobile\" style=\"grid-template-columns:24% auto\"><figure class=\"wp-block-media-text__media\"><img loading=\"lazy\" decoding=\"async\" width=\"275\" height=\"183\" src=\"http:\/\/xn--coeurdesoi-qbb.com\/wp-content\/uploads\/2024\/09\/image-reflexologie-plantaire-2.jpeg\" alt=\"\" class=\"wp-image-162 size-full\"\/><\/figure><div class=\"wp-block-media-text__content\">\n<p>Ce protocole du pied issu de l\u2019extraordinaire m\u00e9thode de soin \u00e9gyptienne, vous apportera harmonisation et Sant\u00e9. Cette s\u00e9ance de r\u00e9flexologie a pour objectif de <strong>stimuler les capacit\u00e9s d&rsquo;autor\u00e9gulation du corps<\/strong>.<\/p>\n\n\n\n<p><strong>Description du soin : <\/strong>La r\u00e9flexologie des pieds est l\u2019utilisation de techniques de massage et d\u2019acupression sur l\u2019ensemble des pieds. Elle \u00e9tudie l\u2019activit\u00e9 r\u00e9flexe physique du corps.<\/p>\n<\/div><\/div>\n\n\n\n<details class=\"wp-block-details is-layout-flow wp-block-details-is-layout-flow\"><summary>Cette m\u00e9thode d\u2019accompagnement est fond\u00e9e sur l\u2019existence de zones r\u00e9flexes au niveau des pieds, qui repr\u00e9sentent chaque organe du corps humain.<\/summary>\n<p>La r\u00e9flexologie plantaire permet de traiter des douleurs et des troubles \u00e9motionnels, elle est un art ancestral de d\u00e9pistage de pr\u00e9ventions et de traitements provoqu\u00e9s par des r\u00e9flexes.&nbsp;<\/p>\n\n\n\n<p><\/p>\n<\/details>\n\n\n\n<p><\/p>\n\n\n\n<div class=\"wp-block-buttons is-content-justification-center is-layout-flex wp-container-core-buttons-is-layout-16018d1d wp-block-buttons-is-layout-flex\">\n<div class=\"wp-block-button is-style-fill\"><a class=\"wp-block-button__link has-white-color has-text-color has-background has-link-color has-medium-font-size has-custom-font-size wp-element-button\" href=\"https:\/\/xn--coeurdesoi-qbb.com\/index.php\/soin-n2-detente-des-pieds-reflexologie-plantaire\/\" style=\"background:linear-gradient(158deg,rgb(242,235,235) 0%,rgb(17,237,200) 100%)\"><strong>En savoir plus<\/strong><\/a><\/div>\n<\/div>\n\n\n\n<p><br><\/p>\n\n\n\n<h4 class=\"wp-block-heading has-text-align-center\"><strong>SOIN n\u00b03 : D\u00e9tente du dos<\/strong><\/h4>\n\n\n\n<h5 class=\"wp-block-heading has-text-align-center\">Le soin qui a bon dos&nbsp;!<\/h5>\n\n\n\n<div class=\"wp-block-media-text is-stacked-on-mobile\" style=\"grid-template-columns:25% auto\"><figure class=\"wp-block-media-text__media\"><img loading=\"lazy\" decoding=\"async\" width=\"290\" height=\"174\" src=\"http:\/\/xn--coeurdesoi-qbb.com\/wp-content\/uploads\/2024\/09\/Tuina-dos.jpg\" alt=\"\" class=\"wp-image-163 size-full\"\/><\/figure><div class=\"wp-block-media-text__content\">\n<p>Ce protocole du dos Tui Na est issu des m\u00e9thodes ancestrales asiatiques vous apportera relaxation et d\u00e9tente.<\/p>\n\n\n\n<p><strong>Description du soin : <\/strong>Le Tui Na du dos est un <strong>massage \u00e9nerg\u00e9tique chinois permettant de d\u00e9nouer les tensions<\/strong>. Le dos est souvent source de tensions dues \u00e0 la fatigue, au stress et aux \u00e9motions. Le Tui Na r\u00e9tablit la libre circulation de l&rsquo;\u00e9nergie dans le corps et particuli\u00e8rement dans le dos.<\/p>\n<\/div><\/div>\n\n\n\n<details class=\"wp-block-details is-layout-flow wp-block-details-is-layout-flow\"><summary><em>Le Tui Na est une technique de massage \u00e9nerg\u00e9tique faisant partie des cinq branches de la M\u00e9decine Traditionnelle Chinoise. C\u2019est une th\u00e9rapie au coeur de la philosophie chinoise qui permet l\u2019harmonisation du Qi (\u00e9nergie vitale).<\/em><\/summary>\n<h5 class=\"wp-block-heading\"><\/h5>\n\n\n\n<h5 class=\"wp-block-heading\">Douleurs dorsales<\/h5>\n\n\n\n<p>Vous souffrez de douleurs dorsales au quotidien, vous vous r\u00e9veillez avec le bas ou le haut du dos douloureux, vos cervicales vous font souffrir ? Vous vous r\u00e9veillez fatigu\u00e9(e) ?<\/p>\n<\/details>\n\n\n\n<p><\/p>\n\n\n\n<div class=\"wp-block-buttons is-content-justification-center is-layout-flex wp-container-core-buttons-is-layout-16018d1d wp-block-buttons-is-layout-flex\">\n<div class=\"wp-block-button is-style-fill\"><a class=\"wp-block-button__link has-white-color has-text-color has-background has-link-color has-medium-font-size has-custom-font-size wp-element-button\" href=\"https:\/\/xn--coeurdesoi-qbb.com\/index.php\/soin-n3-detente-du-dos\/\" style=\"background:linear-gradient(158deg,rgb(242,235,235) 0%,rgb(17,237,200) 100%)\"><strong>En savoir plus<\/strong><\/a><\/div>\n<\/div>\n\n\n\n<p><br><\/p>\n\n\n\n<h4 class=\"wp-block-heading has-text-align-center\"><strong>SOIN n\u00b04 : D\u00e9tente du ventre<\/strong><\/h4>\n\n\n\n<h5 class=\"wp-block-heading has-text-align-center\">\u00catre le nombril du monde le temps du soin&nbsp;!<\/h5>\n\n\n\n<div class=\"wp-block-media-text is-stacked-on-mobile\" style=\"grid-template-columns:26% auto\"><figure class=\"wp-block-media-text__media\"><img loading=\"lazy\" decoding=\"async\" width=\"500\" height=\"333\" src=\"http:\/\/xn--coeurdesoi-qbb.com\/wp-content\/uploads\/2025\/04\/massage_ventre.png\" alt=\"\" class=\"wp-image-300 size-full\" srcset=\"https:\/\/xn--coeurdesoi-qbb.com\/wp-content\/uploads\/2025\/04\/massage_ventre.png 500w, https:\/\/xn--coeurdesoi-qbb.com\/wp-content\/uploads\/2025\/04\/massage_ventre-300x200.png 300w\" sizes=\"auto, (max-width: 500px) 100vw, 500px\" \/><\/figure><div class=\"wp-block-media-text__content\">\n<p>Ce protocole du ventre <strong>CHI NEI TSANG <\/strong>est issu des m\u00e9thodes ancestrales asiatiques et vous apportera relaxation et d\u00e9tente<\/p>\n\n\n\n<p><strong>Description du soin : <\/strong>Le Chi Nei Tsang est un<strong>e technique de massage <\/strong>centr\u00e9e uniquement autour du <strong>ventre<\/strong>. Mais bien plus qu\u2019un simple<strong> massage traditionnel<\/strong>, qui agit directement sur les<strong> organes internes.<\/strong><\/p>\n<\/div><\/div>\n\n\n\n<p><\/p>\n\n\n\n<details class=\"wp-block-details is-layout-flow wp-block-details-is-layout-flow\"><summary>En<strong> m\u00e9decine chinoise<\/strong>, le ventre est consid\u00e9r\u00e9 comme le <strong>deuxi\u00e8me cerveau<\/strong>. C\u2019est dans notre estomac, notre rate, notre <strong>pancr\u00e9as<\/strong>, notre <strong>foie<\/strong> et nos <strong>reins<\/strong> que nous stockons toutes les <strong>\u00e9motions refoul\u00e9es<\/strong>, qu\u2019elles soient positives ou n\u00e9gatives.<\/summary>\n<p>C\u2019est d\u2019ailleurs pour cette raison que nous avons \u201c<em>l\u2019estomac nou\u00e9\u201d<\/em>, \u201c<em>l\u2019estomac dans les talons<\/em>\u201d, \u201c<em>des papillons dans le ventre<\/em>\u201d\u2026 Le Chi Nei Tsang, d\u00e9riv\u00e9 du <strong>Qi Gong,<\/strong> entend lib\u00e9rer ces <strong>\u00e9motions<\/strong> et aider le corps dans une <strong>harmonie<\/strong> nouvelle.<\/p>\n\n\n\n<p>C\u2019est un massage aux nombreux <strong>bienfaits<\/strong>, qui poss\u00e8de un impact tant <strong>psychologique<\/strong> que <strong>physique<\/strong>. Une d\u00e9tente, un rel\u00e2chement et un apaisement de l\u2019esprit : les avantages du Chi Nei Tsang sont aussi nombreux que vari\u00e9s ! Temana vous explique tout sur la question.<\/p>\n<\/details>\n\n\n\n<p><\/p>\n\n\n\n<div class=\"wp-block-buttons is-content-justification-center is-layout-flex wp-container-core-buttons-is-layout-16018d1d wp-block-buttons-is-layout-flex\">\n<div class=\"wp-block-button is-style-fill\"><a class=\"wp-block-button__link has-white-color has-text-color has-background has-link-color has-medium-font-size has-custom-font-size wp-element-button\" href=\"https:\/\/xn--coeurdesoi-qbb.com\/index.php\/soin-n4-detente-du-ventre\/\" style=\"background:linear-gradient(158deg,rgb(242,235,235) 0%,rgb(17,237,200) 100%)\"><strong>En savoir plus<\/strong><\/a><\/div>\n<\/div>\n\n\n\n<p><br><\/p>\n\n\n\n<h4 class=\"wp-block-heading has-text-align-center\"><strong>SOIN n\u00b05 :<\/strong> <strong>D\u00e9tente des jambes<\/strong><\/h4>\n\n\n\n<h5 class=\"wp-block-heading has-text-align-center\">Faire la belle jambe pour ce soin&nbsp;!<\/h5>\n\n\n\n<div class=\"wp-block-media-text is-stacked-on-mobile\" style=\"grid-template-columns:26% auto\"><figure class=\"wp-block-media-text__media\"><img loading=\"lazy\" decoding=\"async\" width=\"275\" height=\"183\" src=\"http:\/\/xn--coeurdesoi-qbb.com\/wp-content\/uploads\/slider2\/detente-des-jambes.jpeg\" alt=\"\" class=\"wp-image-419 size-full\"\/><\/figure><div class=\"wp-block-media-text__content\">\n<p><\/p>\n\n\n\n<details class=\"wp-block-details is-layout-flow wp-block-details-is-layout-flow\"><summary>Ce protocole des jambes <strong>PAGATCHAMPI&nbsp;<\/strong>est issu de la m\u00e9thode des soins Ayurv\u00e9diques, il vous apportera tonicit\u00e9 et drainage lymphatique.<br><br><strong>Description du soin :<\/strong> Le PAGATCHAMPI est un Massage ayurv\u00e9dique pour rendre vos jambes l\u00e9g\u00e8res et affin\u00e9es !<\/summary>\n<p>Le massage ayurv\u00e9dique, reconnu par l&rsquo;OMS, est issu de la m\u00e9decine traditionnelle et ancestrale indienne : l&rsquo;AYURVEDA, qui signifie \u00ab\u00a0Science de la Vie\u00a0\u00bb. Il a une action sur les 3 syst\u00e8mes essentiels du corps humains (cardio-vasculaire, lymphatique et nerveux).<\/p>\n<\/details>\n<\/div><\/div>\n\n\n\n<p><\/p>\n\n\n\n<details class=\"wp-block-details is-layout-flow wp-block-details-is-layout-flow\"><summary>Le massage ayurv\u00e9dique des jambes, nomm\u00e9 PAGATCHAMPI, est connu pour \u00eatre le massage \u00e9nerg\u00e9tique, musculaire et circulatoire des jambes. Il s&rsquo;effectue du pied \u00e0 la hanche, \u00e0 l&rsquo;huile ti\u00e8de, par man\u0153uvres et pressions.<\/summary>\n<p>Ses bienfaits : Il all\u00e8ge les sensations de lourdeurs et tensions musculaires &#8211; dans les jambes, il procure une sensation de confort et de l\u00e9g\u00e8ret\u00e9. Il favorise le retour sanguin et lymphatique. Il draine les toxines et \u00e9limine la fatigue des jambes<\/p>\n\n\n\n<p><\/p>\n<\/details>\n\n\n\n<p><\/p>\n\n\n\n<div class=\"wp-block-buttons is-content-justification-center is-layout-flex wp-container-core-buttons-is-layout-16018d1d wp-block-buttons-is-layout-flex\">\n<div class=\"wp-block-button is-style-fill\"><a class=\"wp-block-button__link has-white-color has-text-color has-background has-link-color has-medium-font-size has-custom-font-size wp-element-button\" href=\"https:\/\/xn--coeurdesoi-qbb.com\/index.php\/soin-n5-detente-des-jambes\/\" style=\"background:linear-gradient(158deg,rgb(242,235,235) 0%,rgb(17,237,200) 100%)\"><strong>En savoir plus<\/strong><\/a><\/div>\n<\/div>\n\n\n\n<p><br><\/p>\n\n\n\n<h4 class=\"wp-block-heading has-text-align-center\"><strong>SOIN n\u00b06 :<\/strong> <strong>D\u00e9tente du visage <\/strong><\/h4>\n\n\n\n<h5 class=\"wp-block-heading has-text-align-center\">Bien dans sa t\u00eate, bien dans son corps !<\/h5>\n\n\n\n<div class=\"wp-block-media-text is-stacked-on-mobile\" style=\"grid-template-columns:20% auto\"><figure class=\"wp-block-media-text__media\"><img loading=\"lazy\" decoding=\"async\" width=\"225\" height=\"225\" src=\"http:\/\/xn--coeurdesoi-qbb.com\/wp-content\/uploads\/slider2\/soin-visage.jpeg\" alt=\"\" class=\"wp-image-433 size-full\" srcset=\"https:\/\/xn--coeurdesoi-qbb.com\/wp-content\/uploads\/slider2\/soin-visage.jpeg 225w, https:\/\/xn--coeurdesoi-qbb.com\/wp-content\/uploads\/slider2\/soin-visage-150x150.jpeg 150w, https:\/\/xn--coeurdesoi-qbb.com\/wp-content\/uploads\/slider2\/soin-visage-65x65.jpeg 65w, https:\/\/xn--coeurdesoi-qbb.com\/wp-content\/uploads\/slider2\/soin-visage-160x159.jpeg 160w\" sizes=\"auto, (max-width: 225px) 100vw, 225px\" \/><\/figure><div class=\"wp-block-media-text__content\">\n<details class=\"wp-block-details is-layout-flow wp-block-details-is-layout-flow\"><summary>Protocole du visage <strong>DIEN CHAN<\/strong> est issu de l\u2019\u00e9tonnante m\u00e9thode vietnamienne de r\u00e9flexologie faciale, il vous apportera beaut\u00e9 et vitalit\u00e9.<br><strong>Description du soin : <\/strong>La r\u00e9flexologie faciale pour soulager les maux du corps et de l&rsquo;esprit.<\/summary>\n<p><strong>Le Dien Chan est une multir\u00e9flexologie&nbsp;sur le visage cr\u00e9\u00e9e par le&nbsp;professeur B\u00f9i Qu\u00f4c Ch\u00e2u. Cette technique d\u2019acupressure (sans aiguilles) permet&nbsp;de traiter rapidement les douleurs et de stimuler le processus d&rsquo;autor\u00e9gulation.<\/strong><\/p>\n<\/details>\n<\/div><\/div>\n\n\n\n<p><\/p>\n\n\n\n<details class=\"wp-block-details is-layout-flow wp-block-details-is-layout-flow\"><summary>La r\u00e9flexologie faciale et cr\u00e2nienne offre une parenth\u00e8se, un pur moment de calme qui laisse le corps, l\u2019esprit et le visage dans un \u00e9tat de d\u00e9tente absolue !<\/summary>\n<p>Gr\u00e2ce \u00e0 des manipulations lentes et tr\u00e8s douces sur des points pr\u00e9cis du cr\u00e2ne et en stimulant le cuir chevelu, un sentiment de profonde d\u00e9tente se fait rapidement sentir. Le travail r\u00e9flexologique se poursuit avec de douces pressions sur les muscles du visage.<\/p>\n\n\n\n<p>Parmi les nombreux b\u00e9n\u00e9fices de la r\u00e9flexologie faciale, on appr\u00e9cie surtout de retrouver des traits du visage plus d\u00e9tendus, et une peau souple, plus lumineuse et pleine d\u2019\u00e9clat, en plus d\u2019un mental apais\u00e9 et d\u2019un bien-\u00eatre g\u00e9n\u00e9ral.<\/p>\n\n\n\n<p>Elle est particuli\u00e8rement efficace dans les cas de stress, de migraines et de c\u00e9phal\u00e9es,  d&rsquo;insomnies, ce soin est id\u00e9al pour les petits maux du quotidien et pour r\u00e9\u00e9quilibrer un \u00e9tat \u00e9motionnel perturb\u00e9.<\/p>\n\n\n\n<p><\/p>\n\n\n\n<p><\/p>\n<\/details>\n\n\n\n<div class=\"wp-block-buttons is-content-justification-center is-layout-flex wp-container-core-buttons-is-layout-16018d1d wp-block-buttons-is-layout-flex\">\n<div class=\"wp-block-button is-style-fill\"><a class=\"wp-block-button__link has-white-color has-text-color has-background has-link-color has-medium-font-size has-custom-font-size wp-element-button\" href=\"https:\/\/xn--coeurdesoi-qbb.com\/index.php\/soin-n6-detente-du-visage\/\" style=\"background:linear-gradient(158deg,rgb(242,235,235) 0%,rgb(17,237,200) 100%)\"><strong>En savoir plus<\/strong><\/a><\/div>\n<\/div>\n\n\n\n<p><br><\/p>\n\n\n\n<h4 class=\"wp-block-heading has-text-align-center\">HUILES DE MASSAGE ET HUILES ESSENTIELLES<\/h4>\n\n\n\n<p class=\"has-text-align-center\">*Les protocoles propos\u00e9s sont toujours avec une huile de massage et un complexe d\u2019huiles essentielles.<\/p>\n\n\n<div class=\"wp-block-image\">\n<figure class=\"aligncenter size-full\"><img loading=\"lazy\" decoding=\"async\" width=\"276\" height=\"183\" src=\"http:\/\/xn--coeurdesoi-qbb.com\/wp-content\/uploads\/2024\/09\/Naturopathie.jpg\" alt=\"\" class=\"wp-image-153\"\/><\/figure><\/div>\n\n\n<p><\/p>\n\n\n\n<p class=\"has-text-align-center\">Cliquez sur le bouton ci-dessous pour en savoir plus :<\/p>\n\n\n\n<div class=\"wp-block-buttons is-content-justification-center is-layout-flex wp-container-core-buttons-is-layout-16018d1d wp-block-buttons-is-layout-flex\">\n<div class=\"wp-block-button is-style-fill\"><a class=\"wp-block-button__link has-white-color has-text-color has-background has-link-color has-medium-font-size has-custom-font-size wp-element-button\" href=\"https:\/\/xn--coeurdesoi-qbb.com\/index.php\/les-huiles-de-massage-et-les-huiles-essentielles\/\" style=\"background:linear-gradient(158deg,rgb(242,235,235) 0%,rgb(17,237,200) 100%)\"><strong>Les huiles de massage et les huiles essentielles<\/strong><\/a><\/div>\n<\/div>\n\n\n\n<p><br><\/p>\n\n\n\n<p><\/p>\n\n\n\n<div class=\"wp-block-buttons is-content-justification-center is-layout-flex wp-container-core-buttons-is-layout-16018d1d wp-block-buttons-is-layout-flex\">\n<div class=\"wp-block-button is-style-fill\"><a class=\"wp-block-button__link has-white-color has-text-color has-background has-link-color has-medium-font-size has-custom-font-size wp-element-button\" href=\"https:\/\/xn--coeurdesoi-qbb.com\/index.php\/tarifs\/\" style=\"background:linear-gradient(158deg,rgb(242,235,235) 0%,rgb(17,237,200) 100%)\"><strong>Prestations<\/strong><\/a><\/div>\n\n\n\n<div class=\"wp-block-button is-style-fill\"><a class=\"wp-block-button__link has-white-color has-text-color has-background has-link-color has-medium-font-size has-custom-font-size wp-element-button\" href=\"https:\/\/xn--coeurdesoi-qbb.com\/index.php\/descriptions-des-soins\/\" style=\"background:linear-gradient(158deg,rgb(242,235,235) 0%,rgb(17,237,200) 100%)\"><strong>Les 7 formules MAGIC<\/strong><\/a><\/div>\n<\/div>\n\n\n\n<h3 class=\"wp-block-heading has-text-align-center\"><\/h3>\n","protected":false},"excerpt":{"rendered":"<p>Prestations massages et les formules MAGIC en options avec votre soin&nbsp;: Choisissez le massage signature \u00ab&nbsp;\u00d4 c\u0153ur de soi&nbsp;\u00bb ou un autre massage et optez pour une ou plusieurs formules \u00ab&nbsp;MAGIC&nbsp;\u00bb en lien avec votre soin&nbsp;! 1h : 65\u20ac &#8211; 1h30 : 95\u20ac &#8211; 2h : 130\u20ac 1h= 1 formule MAGIC offerte &#8211; 1h30= 2 &hellip; <\/p>\n","protected":false},"author":1,"featured_media":0,"parent":0,"menu_order":0,"comment_status":"closed","ping_status":"closed","template":"","meta":{"footnotes":""},"class_list":["post-52","page","type-page","status-publish","hentry"],"_links":{"self":[{"href":"https:\/\/xn--coeurdesoi-qbb.com\/index.php\/wp-json\/wp\/v2\/pages\/52","targetHints":{"allow":["GET"]}}],"collection":[{"href":"https:\/\/xn--coeurdesoi-qbb.com\/index.php\/wp-json\/wp\/v2\/pages"}],"about":[{"href":"https:\/\/xn--coeurdesoi-qbb.com\/index.php\/wp-json\/wp\/v2\/types\/page"}],"author":[{"embeddable":true,"href":"https:\/\/xn--coeurdesoi-qbb.com\/index.php\/wp-json\/wp\/v2\/users\/1"}],"replies":[{"embeddable":true,"href":"https:\/\/xn--coeurdesoi-qbb.com\/index.php\/wp-json\/wp\/v2\/comments?post=52"}],"version-history":[{"count":90,"href":"https:\/\/xn--coeurdesoi-qbb.com\/index.php\/wp-json\/wp\/v2\/pages\/52\/revisions"}],"predecessor-version":[{"id":767,"href":"https:\/\/xn--coeurdesoi-qbb.com\/index.php\/wp-json\/wp\/v2\/pages\/52\/revisions\/767"}],"wp:attachment":[{"href":"https:\/\/xn--coeurdesoi-qbb.com\/index.php\/wp-json\/wp\/v2\/media?parent=52"}],"curies":[{"name":"wp","href":"https:\/\/api.w.org\/{rel}","templated":true}]}}