{"id":678,"date":"2025-04-27T13:37:04","date_gmt":"2025-04-27T11:37:04","guid":{"rendered":"https:\/\/xn--coeurdesoi-qbb.com\/?page_id=678"},"modified":"2025-04-27T15:28:35","modified_gmt":"2025-04-27T13:28:35","slug":"les-huiles-de-massage-et-les-huiles-essentielles","status":"publish","type":"page","link":"https:\/\/xn--coeurdesoi-qbb.com\/index.php\/les-huiles-de-massage-et-les-huiles-essentielles\/","title":{"rendered":"Les huiles de massage et les huiles essentielles"},"content":{"rendered":"\n<p class=\"has-text-align-center\">Tous les protocoles de massage propos\u00e9s sont toujours avec une huile de massage et un complexe d\u2019huiles essentielles.<\/p>\n\n\n<div class=\"wp-block-image\">\n<figure class=\"aligncenter size-full is-resized\"><img loading=\"lazy\" decoding=\"async\" width=\"276\" height=\"183\" src=\"http:\/\/xn--coeurdesoi-qbb.com\/wp-content\/uploads\/2024\/09\/Naturopathie.jpg\" alt=\"\" class=\"wp-image-153\" style=\"width:426px;height:auto\"\/><\/figure><\/div>\n\n\n<p><\/p>\n\n\n\n<h4 class=\"wp-block-heading\">Les huiles de massages propos\u00e9es<\/h4>\n\n\n\n<ul class=\"wp-block-list\">\n<li><strong>A l&rsquo;amande douce : <\/strong>elle hydrate la peau et soutient son processus naturel de r\u00e9paration, mais peut \u00e9galement contribuer \u00e0 att\u00e9nuer les signes de vieillissement, \u00e0 am\u00e9liorer le teint de la peau et \u00e0 la rendre <strong>douce<\/strong> et lisse au toucher. L&rsquo;<strong>huile d&rsquo;amande douce<\/strong> peut \u00e9galement aider \u00e0 renforcer les cheveux et les ongles.<\/li>\n<\/ul>\n\n\n\n<ul class=\"wp-block-list\">\n<li><strong>A l&rsquo;abricot :<\/strong> elle a de multiples vertus, convient \u00e0 tous les types de peaux et de massages. L&rsquo;huile v\u00e9g\u00e9tale d&rsquo;abricot <strong>redonne de l&rsquo;\u00e9lasticit\u00e9 \u00e0 la peau, tonifie l&rsquo;\u00e9piderme, renforce le film hydrolipidique et maintient une bonne hydratation<\/strong>.<\/li>\n<\/ul>\n\n\n\n<ul class=\"wp-block-list\">\n<li><strong>Au s\u00e9same : <\/strong>Utilis\u00e9e pour les soins ayurv\u00e9diques l&rsquo;huile de s\u00e9same, notamment gr\u00e2ce \u00e0 ses compos\u00e9s b\u00e9n\u00e9fiques comme le s\u00e9samine et le s\u00e9saminol, est connue pour ses <strong>propri\u00e9t\u00e9s anti-inflammatoires et antioxydantes<\/strong>, ce qui la rend efficace pour r\u00e9duire l&rsquo;ath\u00e9roscl\u00e9rose et le risque de maladies cardiovasculaires.<\/li>\n<\/ul>\n\n\n\n<ul class=\"wp-block-list\">\n<li><strong>Au roucou : <\/strong>C&rsquo;est l&rsquo;alli\u00e9 de votre jeunesse. Les graines de Roucou produisent un colorant naturel riche en b\u00eata-carot\u00e8ne et en vitamine C. Cette huile de Roucou 100% naturelle <strong>stimule la m\u00e9lanine, hydrate et sublime la peau<\/strong>.<\/li>\n<\/ul>\n\n\n\n<ul class=\"wp-block-list\">\n<li><strong>A la noix de coco :<\/strong> L&rsquo;<strong>huile de coco<\/strong> est si connue en cosm\u00e9tique car elle rec\u00e8le de <strong>bienfaits<\/strong> beaut\u00e9 ! Ses vertus nourrissantes et hydratantes en font une <strong>huile<\/strong> v\u00e9g\u00e9tale id\u00e9ale pour les peaux s\u00e8ches et sensibles. Son pouvoir r\u00e9parateur en fait une <strong>huile<\/strong> tr\u00e8s recommand\u00e9e pour tous types de massages.<\/li>\n<\/ul>\n\n\n\n<h4 class=\"wp-block-heading\">Les huiles essentielles propos\u00e9es<\/h4>\n\n\n\n<ul class=\"wp-block-list\">\n<li><strong>H.E de lavande :<\/strong> L&rsquo;huile essentielle de Lavande vraie est depuis longtemps connue pour ses vertus r\u00e9paratrices. Apaisante cutan\u00e9e, l&rsquo;huile essentielle de Lavande vraie est traditionnellement utilis\u00e9e dans les soins des peaux sensibles ou \u00e0 probl\u00e8mes. Ses propri\u00e9t\u00e9s calmantes et relaxantes permettent d&rsquo;utiliser l&rsquo;huile essentielle de Lavande pour procurer s\u00e9r\u00e9nit\u00e9 et bien-\u00eatre.<\/li>\n<\/ul>\n\n\n\n<ul class=\"wp-block-list\">\n<li><strong>H.E de palmarosa :<\/strong> Riche en g\u00e9raniol aux effets antimicrobiens, cette huile est r\u00e9put\u00e9e pour ses effets purifiants et assainissants. Elle a \u00e9galement des vertus toniques et est traditionnellement conseill\u00e9e en cas de baisse de forme.<\/li>\n<\/ul>\n\n\n\n<ul class=\"wp-block-list\">\n<li><strong>H.E de geranium :<\/strong> Astringente et tonique, cette huile essentielle de G\u00e9ranium Bourbon est aussi int\u00e9ressante pour ses effets purifiants et assainissants gr\u00e2ce \u00e0 sa richesse en monoterp\u00e9nols. Elle est appr\u00e9ci\u00e9e pour son odeur fine et fleurie.<\/li>\n<\/ul>\n\n\n\n<p>Et bien d&rsquo;autres !<\/p>\n\n\n\n<div class=\"wp-block-buttons is-content-justification-center is-layout-flex wp-container-core-buttons-is-layout-16018d1d wp-block-buttons-is-layout-flex\">\n<div class=\"wp-block-button is-style-fill\"><a class=\"wp-block-button__link has-white-color has-text-color has-background has-link-color has-medium-font-size has-custom-font-size wp-element-button\" href=\"https:\/\/xn--coeurdesoi-qbb.com\/index.php\/formules-massages\/\" style=\"background:linear-gradient(158deg,rgb(242,235,235) 0%,rgb(17,237,200) 100%)\"><strong>Retour aux soins massage<\/strong><\/a><\/div>\n\n\n\n<div class=\"wp-block-button is-style-fill\"><a class=\"wp-block-button__link has-white-color has-text-color has-background has-link-color has-medium-font-size has-custom-font-size wp-element-button\" href=\"https:\/\/xn--coeurdesoi-qbb.com\/index.php\/tarifs\/\" style=\"background:linear-gradient(158deg,rgb(242,235,235) 0%,rgb(17,237,200) 100%)\"><strong>Prestations<\/strong><\/a><\/div>\n<\/div>\n","protected":false},"excerpt":{"rendered":"<p>Tous les protocoles de massage propos\u00e9s sont toujours avec une huile de massage et un complexe d\u2019huiles essentielles. Les huiles de massages propos\u00e9es Les huiles essentielles propos\u00e9es Et bien d&rsquo;autres !<\/p>\n","protected":false},"author":1,"featured_media":0,"parent":0,"menu_order":0,"comment_status":"closed","ping_status":"closed","template":"","meta":{"footnotes":""},"class_list":["post-678","page","type-page","status-publish","hentry"],"_links":{"self":[{"href":"https:\/\/xn--coeurdesoi-qbb.com\/index.php\/wp-json\/wp\/v2\/pages\/678","targetHints":{"allow":["GET"]}}],"collection":[{"href":"https:\/\/xn--coeurdesoi-qbb.com\/index.php\/wp-json\/wp\/v2\/pages"}],"about":[{"href":"https:\/\/xn--coeurdesoi-qbb.com\/index.php\/wp-json\/wp\/v2\/types\/page"}],"author":[{"embeddable":true,"href":"https:\/\/xn--coeurdesoi-qbb.com\/index.php\/wp-json\/wp\/v2\/users\/1"}],"replies":[{"embeddable":true,"href":"https:\/\/xn--coeurdesoi-qbb.com\/index.php\/wp-json\/wp\/v2\/comments?post=678"}],"version-history":[{"count":15,"href":"https:\/\/xn--coeurdesoi-qbb.com\/index.php\/wp-json\/wp\/v2\/pages\/678\/revisions"}],"predecessor-version":[{"id":765,"href":"https:\/\/xn--coeurdesoi-qbb.com\/index.php\/wp-json\/wp\/v2\/pages\/678\/revisions\/765"}],"wp:attachment":[{"href":"https:\/\/xn--coeurdesoi-qbb.com\/index.php\/wp-json\/wp\/v2\/media?parent=678"}],"curies":[{"name":"wp","href":"https:\/\/api.w.org\/{rel}","templated":true}]}}