{"id":69,"date":"2024-07-14T21:38:15","date_gmt":"2024-07-14T19:38:15","guid":{"rendered":"https:\/\/xn--coeurdesoi-qbb.com\/?page_id=69"},"modified":"2025-04-27T15:42:17","modified_gmt":"2025-04-27T13:42:17","slug":"qui-suis-je","status":"publish","type":"page","link":"https:\/\/xn--coeurdesoi-qbb.com\/index.php\/qui-suis-je\/","title":{"rendered":"Qui suis-je ?"},"content":{"rendered":"\n<p>Je m\u2019appelle Aur\u00e9lie DOUAY, je suis masseuse dans le bien-\u00eatre.<\/p>\n\n\n\n<p>J\u2019ai \u00e9tudi\u00e9 \u00e0 l\u2019\u00e9cole ARNIKA de Toulouse, je suis dipl\u00f4m\u00e9e en qualit\u00e9 de \u00ab&nbsp;Technicienne du bien-\u00eatre&nbsp;\u00bb et  de \u00ab&nbsp;Masso-naturopathe&nbsp;\u00bb, j\u2019ai re\u00e7u \u00e9galement une formation en \u00ab&nbsp;r\u00e9flexologie plantaire&nbsp;\u00bb et j\u2019ai \u00e9t\u00e9 form\u00e9e \u00e0 \u00eatre facilitatrice en \u00ab&nbsp;Access Bars Consciousness&nbsp;\u00bb. <\/p>\n\n\n\n<div class=\"wp-block-media-text is-stacked-on-mobile\" style=\"grid-template-columns:35% auto\"><figure class=\"wp-block-media-text__media\"><img loading=\"lazy\" decoding=\"async\" width=\"600\" height=\"800\" src=\"http:\/\/xn--coeurdesoi-qbb.com\/wp-content\/uploads\/2025\/04\/aurelie_undula-3.jpeg\" alt=\"\" class=\"wp-image-404 size-full\" srcset=\"https:\/\/xn--coeurdesoi-qbb.com\/wp-content\/uploads\/2025\/04\/aurelie_undula-3.jpeg 600w, https:\/\/xn--coeurdesoi-qbb.com\/wp-content\/uploads\/2025\/04\/aurelie_undula-3-225x300.jpeg 225w\" sizes=\"auto, (max-width: 600px) 100vw, 600px\" \/><\/figure><div class=\"wp-block-media-text__content\">\n<p><\/p>\n\n\n\n<p>J\u2019ai exp\u00e9riment\u00e9 de nombreuses techniques de massages inspir\u00e9s des plus grandes m\u00e9decines ancestrales et contemporaines prodigu\u00e9es partout dans le monde. <\/p>\n\n\n\n<p>Le bien-\u00eatre fait parti de mon quotidien, et je continue de suivre des enseignements en m\u00e9decine tib\u00e9taine.<\/p>\n\n\n\n<p>Aujourd\u2019hui, forte de mon exp\u00e9rience je souhaite mettre \u00e0 contribution la magie de ces soins pour vous en offrir tous ces bienfaits.<\/p>\n\n\n\n<p>Mon v\u0153u est de pouvoir partager cet univers incroyable qu\u2019est le soin, vous permettre de revenir vers vous, sentir cette douceur et ce bonheur d\u2019\u00eatre en lien avec son corps, et de ressentir \u00e0 nouveau la joie d\u2019\u00eatre bien dans son corps, dans sa t\u00eate et dans son c\u0153ur.<\/p>\n<\/div><\/div>\n\n\n\n<p><\/p>\n\n\n\n<div class=\"wp-block-media-text is-stacked-on-mobile\" style=\"grid-template-columns:35% auto\"><figure class=\"wp-block-media-text__media\"><img loading=\"lazy\" decoding=\"async\" width=\"698\" height=\"771\" src=\"http:\/\/xn--coeurdesoi-qbb.com\/wp-content\/uploads\/slider2\/Pancarte-Undula.jpeg\" alt=\"\" class=\"wp-image-415 size-full\" srcset=\"https:\/\/xn--coeurdesoi-qbb.com\/wp-content\/uploads\/slider2\/Pancarte-Undula.jpeg 698w, https:\/\/xn--coeurdesoi-qbb.com\/wp-content\/uploads\/slider2\/Pancarte-Undula-272x300.jpeg 272w\" sizes=\"auto, (max-width: 698px) 100vw, 698px\" \/><\/figure><div class=\"wp-block-media-text__content\">\n<p>Tous les protocoles de d\u00e9tente que je vous propose sont \u00e9clair\u00e9s par cette conscience bienveillante de tout le savoir transmit au fil des ann\u00e9es et des rencontres.<\/p>\n\n\n\n<p>&nbsp;Ils ont pour but de vous offrir un temps unique de retour \u00e0 vous-m\u00eame, un voyage intense et personnalis\u00e9 pour retrouver votre harmonie, votre \u00e9quilibre et votre plein potentiel.Je vous invite donc \u00e0 me rencontrer et \u00e0 profiter de ce fabuleux voyage <strong>au c\u0153ur de soi<\/strong> et \u00e0 destination de vous m\u2019aime.<\/p>\n\n\n\n<p>\u00ab&nbsp;Prendre rendez-vous avec moi, c\u2019est prendre rendez-vous avec vous&nbsp;!&nbsp;\u00bb<\/p>\n<\/div><\/div>\n","protected":false},"excerpt":{"rendered":"<p>Je m\u2019appelle Aur\u00e9lie DOUAY, je suis masseuse dans le bien-\u00eatre. J\u2019ai \u00e9tudi\u00e9 \u00e0 l\u2019\u00e9cole ARNIKA de Toulouse, je suis dipl\u00f4m\u00e9e en qualit\u00e9 de \u00ab&nbsp;Technicienne du bien-\u00eatre&nbsp;\u00bb et de \u00ab&nbsp;Masso-naturopathe&nbsp;\u00bb, j\u2019ai re\u00e7u \u00e9galement une formation en \u00ab&nbsp;r\u00e9flexologie plantaire&nbsp;\u00bb et j\u2019ai \u00e9t\u00e9 form\u00e9e \u00e0 \u00eatre facilitatrice en \u00ab&nbsp;Access Bars Consciousness&nbsp;\u00bb. J\u2019ai exp\u00e9riment\u00e9 de nombreuses techniques de massages &hellip; <\/p>\n","protected":false},"author":1,"featured_media":0,"parent":0,"menu_order":0,"comment_status":"closed","ping_status":"closed","template":"","meta":{"footnotes":""},"class_list":["post-69","page","type-page","status-publish","hentry"],"_links":{"self":[{"href":"https:\/\/xn--coeurdesoi-qbb.com\/index.php\/wp-json\/wp\/v2\/pages\/69","targetHints":{"allow":["GET"]}}],"collection":[{"href":"https:\/\/xn--coeurdesoi-qbb.com\/index.php\/wp-json\/wp\/v2\/pages"}],"about":[{"href":"https:\/\/xn--coeurdesoi-qbb.com\/index.php\/wp-json\/wp\/v2\/types\/page"}],"author":[{"embeddable":true,"href":"https:\/\/xn--coeurdesoi-qbb.com\/index.php\/wp-json\/wp\/v2\/users\/1"}],"replies":[{"embeddable":true,"href":"https:\/\/xn--coeurdesoi-qbb.com\/index.php\/wp-json\/wp\/v2\/comments?post=69"}],"version-history":[{"count":21,"href":"https:\/\/xn--coeurdesoi-qbb.com\/index.php\/wp-json\/wp\/v2\/pages\/69\/revisions"}],"predecessor-version":[{"id":771,"href":"https:\/\/xn--coeurdesoi-qbb.com\/index.php\/wp-json\/wp\/v2\/pages\/69\/revisions\/771"}],"wp:attachment":[{"href":"https:\/\/xn--coeurdesoi-qbb.com\/index.php\/wp-json\/wp\/v2\/media?parent=69"}],"curies":[{"name":"wp","href":"https:\/\/api.w.org\/{rel}","templated":true}]}}