{"id":702,"date":"2025-04-27T14:08:08","date_gmt":"2025-04-27T12:08:08","guid":{"rendered":"https:\/\/xn--coeurdesoi-qbb.com\/?page_id=702"},"modified":"2025-04-27T14:22:25","modified_gmt":"2025-04-27T12:22:25","slug":"soin-n6-detente-du-visage","status":"publish","type":"page","link":"https:\/\/xn--coeurdesoi-qbb.com\/index.php\/soin-n6-detente-du-visage\/","title":{"rendered":"SOIN n\u00b06 : D\u00e9tente du visage"},"content":{"rendered":"\n<h5 class=\"wp-block-heading\">Bien dans sa t\u00eate, bien dans son corps !<\/h5>\n\n\n\n<div class=\"wp-block-media-text is-stacked-on-mobile\" style=\"grid-template-columns:26% auto\"><figure class=\"wp-block-media-text__media\"><img loading=\"lazy\" decoding=\"async\" width=\"225\" height=\"225\" src=\"http:\/\/xn--coeurdesoi-qbb.com\/wp-content\/uploads\/slider2\/soin-visage.jpeg\" alt=\"\" class=\"wp-image-433 size-full\" srcset=\"https:\/\/xn--coeurdesoi-qbb.com\/wp-content\/uploads\/slider2\/soin-visage.jpeg 225w, https:\/\/xn--coeurdesoi-qbb.com\/wp-content\/uploads\/slider2\/soin-visage-150x150.jpeg 150w, https:\/\/xn--coeurdesoi-qbb.com\/wp-content\/uploads\/slider2\/soin-visage-65x65.jpeg 65w, https:\/\/xn--coeurdesoi-qbb.com\/wp-content\/uploads\/slider2\/soin-visage-160x159.jpeg 160w\" sizes=\"auto, (max-width: 225px) 100vw, 225px\" \/><\/figure><div class=\"wp-block-media-text__content\">\n<p>Le protocole du visage <strong>DIEN CHAN<\/strong> est issu de l\u2019\u00e9tonnante m\u00e9thode vietnamienne de r\u00e9flexologie faciale, il vous apportera beaut\u00e9 et vitalit\u00e9.<br><strong>Description du soin : <\/strong>La r\u00e9flexologie faciale pour soulager les maux du corps et de l&rsquo;esprit.<\/p>\n\n\n\n<p><strong>Le Dien Chan est une multir\u00e9flexologie&nbsp;sur le visage cr\u00e9\u00e9e par le&nbsp;professeur B\u00f9i Qu\u00f4c Ch\u00e2u. Cette technique d\u2019acupressure (sans aiguilles) permet&nbsp;de traiter rapidement les douleurs et de stimuler le processus d&rsquo;autor\u00e9gulation.<\/strong><\/p>\n<\/div><\/div>\n\n\n\n<p><\/p>\n\n\n\n<p>Gr\u00e2ce \u00e0 des manipulations lentes et tr\u00e8s douces sur des points pr\u00e9cis du cr\u00e2ne et en stimulant le cuir chevelu, un sentiment de profonde d\u00e9tente se fait rapidement sentir. Le travail r\u00e9flexologique se poursuit avec de douces pressions sur les muscles du visage.<\/p>\n\n\n\n<p>Parmi les nombreux b\u00e9n\u00e9fices de la r\u00e9flexologie faciale, on appr\u00e9cie surtout de retrouver des traits du visage plus d\u00e9tendus, et une peau souple, plus lumineuse et pleine d\u2019\u00e9clat, en plus d\u2019un mental apais\u00e9 et d\u2019un bien-\u00eatre g\u00e9n\u00e9ral.<\/p>\n\n\n\n<p>Elle est particuli\u00e8rement efficace dans les cas de stress, de migraines et de c\u00e9phal\u00e9es, d&rsquo;insomnies, ce soin est id\u00e9al pour les petits maux du quotidien et pour r\u00e9\u00e9quilibrer un \u00e9tat \u00e9motionnel perturb\u00e9.<\/p>\n\n\n<div class=\"wp-block-image\">\n<figure class=\"aligncenter size-large is-resized\"><img loading=\"lazy\" decoding=\"async\" width=\"1024\" height=\"683\" src=\"http:\/\/xn--coeurdesoi-qbb.com\/wp-content\/uploads\/2025\/04\/massage_visage_undula-1024x683.jpg\" alt=\"\" class=\"wp-image-700\" style=\"width:361px;height:auto\" srcset=\"https:\/\/xn--coeurdesoi-qbb.com\/wp-content\/uploads\/2025\/04\/massage_visage_undula-1024x683.jpg 1024w, https:\/\/xn--coeurdesoi-qbb.com\/wp-content\/uploads\/2025\/04\/massage_visage_undula-300x200.jpg 300w, https:\/\/xn--coeurdesoi-qbb.com\/wp-content\/uploads\/2025\/04\/massage_visage_undula-768x512.jpg 768w, https:\/\/xn--coeurdesoi-qbb.com\/wp-content\/uploads\/2025\/04\/massage_visage_undula.jpg 1536w\" sizes=\"auto, (max-width: 1024px) 100vw, 1024px\" \/><\/figure><\/div>\n\n\n<p><\/p>\n\n\n\n<div class=\"wp-block-buttons is-content-justification-center is-layout-flex wp-container-core-buttons-is-layout-16018d1d wp-block-buttons-is-layout-flex\">\n<div class=\"wp-block-button is-style-fill\"><a class=\"wp-block-button__link has-white-color has-text-color has-background has-link-color has-medium-font-size has-custom-font-size wp-element-button\" href=\"https:\/\/xn--coeurdesoi-qbb.com\/index.php\/formules-massages\/\" style=\"background:linear-gradient(158deg,rgb(242,235,235) 0%,rgb(17,237,200) 100%)\"><strong>Retour aux soins massage<\/strong><\/a><\/div>\n<\/div>\n","protected":false},"excerpt":{"rendered":"<p>Bien dans sa t\u00eate, bien dans son corps ! Le protocole du visage DIEN CHAN est issu de l\u2019\u00e9tonnante m\u00e9thode vietnamienne de r\u00e9flexologie faciale, il vous apportera beaut\u00e9 et vitalit\u00e9.Description du soin : La r\u00e9flexologie faciale pour soulager les maux du corps et de l&rsquo;esprit. Le Dien Chan est une multir\u00e9flexologie&nbsp;sur le visage cr\u00e9\u00e9e par &hellip; <\/p>\n","protected":false},"author":1,"featured_media":0,"parent":0,"menu_order":0,"comment_status":"closed","ping_status":"closed","template":"","meta":{"footnotes":""},"class_list":["post-702","page","type-page","status-publish","hentry"],"_links":{"self":[{"href":"https:\/\/xn--coeurdesoi-qbb.com\/index.php\/wp-json\/wp\/v2\/pages\/702","targetHints":{"allow":["GET"]}}],"collection":[{"href":"https:\/\/xn--coeurdesoi-qbb.com\/index.php\/wp-json\/wp\/v2\/pages"}],"about":[{"href":"https:\/\/xn--coeurdesoi-qbb.com\/index.php\/wp-json\/wp\/v2\/types\/page"}],"author":[{"embeddable":true,"href":"https:\/\/xn--coeurdesoi-qbb.com\/index.php\/wp-json\/wp\/v2\/users\/1"}],"replies":[{"embeddable":true,"href":"https:\/\/xn--coeurdesoi-qbb.com\/index.php\/wp-json\/wp\/v2\/comments?post=702"}],"version-history":[{"count":5,"href":"https:\/\/xn--coeurdesoi-qbb.com\/index.php\/wp-json\/wp\/v2\/pages\/702\/revisions"}],"predecessor-version":[{"id":715,"href":"https:\/\/xn--coeurdesoi-qbb.com\/index.php\/wp-json\/wp\/v2\/pages\/702\/revisions\/715"}],"wp:attachment":[{"href":"https:\/\/xn--coeurdesoi-qbb.com\/index.php\/wp-json\/wp\/v2\/media?parent=702"}],"curies":[{"name":"wp","href":"https:\/\/api.w.org\/{rel}","templated":true}]}}