{"id":709,"date":"2025-04-27T14:17:09","date_gmt":"2025-04-27T12:17:09","guid":{"rendered":"https:\/\/xn--coeurdesoi-qbb.com\/?page_id=709"},"modified":"2025-04-27T14:23:17","modified_gmt":"2025-04-27T12:23:17","slug":"soin-n5-detente-des-jambes","status":"publish","type":"page","link":"https:\/\/xn--coeurdesoi-qbb.com\/index.php\/soin-n5-detente-des-jambes\/","title":{"rendered":"SOIN n\u00b05 : D\u00e9tente des jambes"},"content":{"rendered":"\n<h5 class=\"wp-block-heading\">Faire la belle jambe pour ce soin&nbsp;!<\/h5>\n\n\n\n<div class=\"wp-block-media-text is-stacked-on-mobile is-vertically-aligned-center\" style=\"grid-template-columns:32% auto\"><figure class=\"wp-block-media-text__media\"><img loading=\"lazy\" decoding=\"async\" width=\"275\" height=\"183\" src=\"http:\/\/xn--coeurdesoi-qbb.com\/wp-content\/uploads\/slider2\/detente-des-jambes.jpeg\" alt=\"\" class=\"wp-image-419 size-full\"\/><\/figure><div class=\"wp-block-media-text__content\">\n<p>Ce protocole des jambes <strong>PAGATCHAMPI&nbsp;<\/strong>est issu de la m\u00e9thode des soins Ayurv\u00e9diques, il vous apportera tonicit\u00e9 et drainage lymphatique.<\/p>\n\n\n\n<p><strong>Description du soin :<\/strong> Le PAGATCHAMPI est un Massage ayurv\u00e9dique pour rendre vos jambes l\u00e9g\u00e8res et affin\u00e9es !<\/p>\n\n\n\n<p>Le massage ayurv\u00e9dique, reconnu par l&rsquo;OMS, est issu de la m\u00e9decine traditionnelle et ancestrale indienne : l&rsquo;AYURVEDA, qui signifie \u00ab\u00a0Science de la Vie\u00a0\u00bb. Il a une action sur les 3 syst\u00e8mes essentiels du corps humains (cardio-vasculaire, lymphatique et nerveux).<\/p>\n<\/div><\/div>\n\n\n\n<p>Le massage ayurv\u00e9dique des jambes, nomm\u00e9 PAGATCHAMPI, est connu pour \u00eatre le massage \u00e9nerg\u00e9tique, musculaire et circulatoire des jambes. Il s&rsquo;effectue du pied \u00e0 la hanche, \u00e0 l&rsquo;huile ti\u00e8de, par man\u0153uvres et pressions<\/p>\n\n\n\n<p id=\"block-f60c2f35-d17b-4093-8892-fc26f2bda2af\">Ses bienfaits : Il all\u00e8ge les sensations de lourdeurs et tensions musculaires &#8211; dans les jambes, il procure une sensation de confort et de l\u00e9g\u00e8ret\u00e9. Il favorise le retour sanguin et lymphatique. Il draine les toxines et \u00e9limine la fatigue des jambes<\/p>\n\n\n\n<div class=\"wp-block-buttons is-content-justification-center is-layout-flex wp-container-core-buttons-is-layout-16018d1d wp-block-buttons-is-layout-flex\">\n<div class=\"wp-block-button is-style-fill\"><a class=\"wp-block-button__link has-white-color has-text-color has-background has-link-color has-medium-font-size has-custom-font-size wp-element-button\" href=\"https:\/\/xn--coeurdesoi-qbb.com\/index.php\/formules-massages\/\" style=\"background:linear-gradient(158deg,rgb(242,235,235) 0%,rgb(17,237,200) 100%)\"><strong>Retour aux soins massage<\/strong><\/a><\/div>\n<\/div>\n","protected":false},"excerpt":{"rendered":"<p>Faire la belle jambe pour ce soin&nbsp;! Ce protocole des jambes PAGATCHAMPI&nbsp;est issu de la m\u00e9thode des soins Ayurv\u00e9diques, il vous apportera tonicit\u00e9 et drainage lymphatique. Description du soin : Le PAGATCHAMPI est un Massage ayurv\u00e9dique pour rendre vos jambes l\u00e9g\u00e8res et affin\u00e9es ! Le massage ayurv\u00e9dique, reconnu par l&rsquo;OMS, est issu de la m\u00e9decine &hellip; <\/p>\n","protected":false},"author":1,"featured_media":0,"parent":0,"menu_order":0,"comment_status":"closed","ping_status":"closed","template":"","meta":{"footnotes":""},"class_list":["post-709","page","type-page","status-publish","hentry"],"_links":{"self":[{"href":"https:\/\/xn--coeurdesoi-qbb.com\/index.php\/wp-json\/wp\/v2\/pages\/709","targetHints":{"allow":["GET"]}}],"collection":[{"href":"https:\/\/xn--coeurdesoi-qbb.com\/index.php\/wp-json\/wp\/v2\/pages"}],"about":[{"href":"https:\/\/xn--coeurdesoi-qbb.com\/index.php\/wp-json\/wp\/v2\/types\/page"}],"author":[{"embeddable":true,"href":"https:\/\/xn--coeurdesoi-qbb.com\/index.php\/wp-json\/wp\/v2\/users\/1"}],"replies":[{"embeddable":true,"href":"https:\/\/xn--coeurdesoi-qbb.com\/index.php\/wp-json\/wp\/v2\/comments?post=709"}],"version-history":[{"count":4,"href":"https:\/\/xn--coeurdesoi-qbb.com\/index.php\/wp-json\/wp\/v2\/pages\/709\/revisions"}],"predecessor-version":[{"id":716,"href":"https:\/\/xn--coeurdesoi-qbb.com\/index.php\/wp-json\/wp\/v2\/pages\/709\/revisions\/716"}],"wp:attachment":[{"href":"https:\/\/xn--coeurdesoi-qbb.com\/index.php\/wp-json\/wp\/v2\/media?parent=709"}],"curies":[{"name":"wp","href":"https:\/\/api.w.org\/{rel}","templated":true}]}}