{"id":732,"date":"2025-04-27T14:50:54","date_gmt":"2025-04-27T12:50:54","guid":{"rendered":"https:\/\/xn--coeurdesoi-qbb.com\/?page_id=732"},"modified":"2025-04-27T14:54:27","modified_gmt":"2025-04-27T12:54:27","slug":"soin-n3-detente-du-dos","status":"publish","type":"page","link":"https:\/\/xn--coeurdesoi-qbb.com\/index.php\/soin-n3-detente-du-dos\/","title":{"rendered":"SOIN n\u00b03 : D\u00e9tente du dos"},"content":{"rendered":"\n<h5 class=\"wp-block-heading\">Le soin qui a bon dos&nbsp;!<\/h5>\n\n\n\n<div class=\"wp-block-media-text is-stacked-on-mobile\" style=\"grid-template-columns:38% auto\"><figure class=\"wp-block-media-text__media\"><img loading=\"lazy\" decoding=\"async\" width=\"290\" height=\"174\" src=\"https:\/\/xn--coeurdesoi-qbb.com\/wp-content\/uploads\/2025\/04\/Tuina-dos.jpg\" alt=\"\" class=\"wp-image-733 size-full\"\/><\/figure><div class=\"wp-block-media-text__content\">\n<p>Ce protocole du dos Tui Na est issu des m\u00e9thodes ancestrales asiatiques vous apportera relaxation et d\u00e9tente.<\/p>\n\n\n\n<p><strong>Description du soin : <\/strong>Le Tui Na du dos est un <strong>massage \u00e9nerg\u00e9tique chinois permettant de d\u00e9nouer les tensions<\/strong>. Le dos est souvent source de tensions dues \u00e0 la fatigue, au stress et aux \u00e9motions. Le Tui Na r\u00e9tablit la libre circulation de l&rsquo;\u00e9nergie dans le corps et particuli\u00e8rement dans le dos.<\/p>\n<\/div><\/div>\n\n\n\n<p><\/p>\n\n\n\n<p><em><em>Le Tui Na est une technique de massage \u00e9nerg\u00e9tique faisant partie des cinq branches de la M\u00e9decine Traditionnelle Chinoise. C\u2019est une th\u00e9rapie au coeur de la philosophie chinoise qui permet l\u2019harmonisation du Qi (\u00e9nergie vitale).<\/em><\/em><\/p>\n\n\n\n<h5 class=\"wp-block-heading\">Les bienfaits du Tui Na<\/h5>\n\n\n\n<h5 class=\"wp-block-heading\">Douleurs dorsales<\/h5>\n\n\n\n<p>Vous souffrez de douleurs dorsales au quotidien, vous vous r\u00e9veillez avec le bas ou le haut du dos douloureux, vos cervicales vous font souffrir ? Vous vous r\u00e9veillez fatigu\u00e9(e) ?<\/p>\n\n\n\n<p>Essayez la massoth\u00e9rapie, cette m\u00e9thode ancestrale de \u00abmassage qui soigne \u00bb. Les principaux objectifs de la massoth\u00e9rapie sont de favoriser la d\u00e9tente (musculaire et nerveuse), la circulation sanguine et lymphatique, l\u2019assimilation et la digestion des aliments, l\u2019\u00e9limination des toxines, le bon fonctionnement des organes vitaux et l\u2019\u00e9veil \u00e0 une conscience psycho-corporelle.<\/p>\n\n\n\n<p>Cette technique regroupe une grande diversit\u00e9 de techniques manuelles dont le Tuina.<\/p>\n\n\n\n<p><strong>Le Tui Na permet de distinguer un probl\u00e8me sp\u00e9cifique<\/strong>, surtout les douleurs li\u00e9es aux muscles et aux articulations (<a href=\"https:\/\/www.medoucine.com\/maux-troubles\/mal-de-dos\">maux de dos<\/a>, <a href=\"https:\/\/www.medoucine.com\/maux-troubles\/sciatique\">sciatique<\/a>, arthrite..)<\/p>\n\n\n\n<p>Le Tui Na est une technique de <strong>pr\u00e9vention <\/strong>et de <strong>th\u00e9rapie<\/strong>, le massage Tui Na est utilis\u00e9 pour de nombreux objectifs de bien-\u00eatre et de relaxation. Parmi les bienfaits, on peut citer :&nbsp;<\/p>\n\n\n\n<ul class=\"wp-block-list\">\n<li>Dynamiser l&rsquo;enti\u00e8ret\u00e9 du corps et stimuler le&nbsp;syst\u00e8me immunitaire.&nbsp;<\/li>\n\n\n\n<li>Soulager des maux r\u00e9currents du dos&nbsp;<\/li>\n\n\n\n<li>Apaiser les douleurs articulaires et les l\u00e9sions musculaires.&nbsp;<\/li>\n\n\n\n<li>Soulager <a href=\"https:\/\/www.medoucine.com\/maux-troubles\/stress-anxiete-phobies\">l&rsquo;anxi\u00e9t\u00e9 et le stress.<\/a>&nbsp;<\/li>\n\n\n\n<li>Relaxer et d\u00e9tendre le dos, et donc tout le reste du corps \u00e9galement.&nbsp;<\/li>\n<\/ul>\n\n\n\n<p>Le massage Tui Na a pour exploit de lib\u00e9rer l\u2019\u00e9nergie du corps et de ramener cette \u00e9nergie au premier plan. Le Tui Na restaure la propagation de l\u2019\u00e9nergie de fa\u00e7on \u00e9quilibr\u00e9e et naturelle.<\/p>\n\n\n\n<p><\/p>\n\n\n\n<div class=\"wp-block-buttons is-content-justification-center is-layout-flex wp-container-core-buttons-is-layout-16018d1d wp-block-buttons-is-layout-flex\">\n<div class=\"wp-block-button is-style-fill\"><a class=\"wp-block-button__link has-white-color has-text-color has-background has-link-color has-medium-font-size has-custom-font-size wp-element-button\" href=\"https:\/\/xn--coeurdesoi-qbb.com\/index.php\/formules-massages\/\" style=\"background:linear-gradient(158deg,rgb(242,235,235) 0%,rgb(17,237,200) 100%)\"><strong>Retour aux soins massage<\/strong><\/a><\/div>\n<\/div>\n","protected":false},"excerpt":{"rendered":"<p>Le soin qui a bon dos&nbsp;! Ce protocole du dos Tui Na est issu des m\u00e9thodes ancestrales asiatiques vous apportera relaxation et d\u00e9tente. Description du soin : Le Tui Na du dos est un massage \u00e9nerg\u00e9tique chinois permettant de d\u00e9nouer les tensions. Le dos est souvent source de tensions dues \u00e0 la fatigue, au stress &hellip; <\/p>\n","protected":false},"author":1,"featured_media":0,"parent":0,"menu_order":0,"comment_status":"closed","ping_status":"closed","template":"","meta":{"footnotes":""},"class_list":["post-732","page","type-page","status-publish","hentry"],"_links":{"self":[{"href":"https:\/\/xn--coeurdesoi-qbb.com\/index.php\/wp-json\/wp\/v2\/pages\/732","targetHints":{"allow":["GET"]}}],"collection":[{"href":"https:\/\/xn--coeurdesoi-qbb.com\/index.php\/wp-json\/wp\/v2\/pages"}],"about":[{"href":"https:\/\/xn--coeurdesoi-qbb.com\/index.php\/wp-json\/wp\/v2\/types\/page"}],"author":[{"embeddable":true,"href":"https:\/\/xn--coeurdesoi-qbb.com\/index.php\/wp-json\/wp\/v2\/users\/1"}],"replies":[{"embeddable":true,"href":"https:\/\/xn--coeurdesoi-qbb.com\/index.php\/wp-json\/wp\/v2\/comments?post=732"}],"version-history":[{"count":2,"href":"https:\/\/xn--coeurdesoi-qbb.com\/index.php\/wp-json\/wp\/v2\/pages\/732\/revisions"}],"predecessor-version":[{"id":737,"href":"https:\/\/xn--coeurdesoi-qbb.com\/index.php\/wp-json\/wp\/v2\/pages\/732\/revisions\/737"}],"wp:attachment":[{"href":"https:\/\/xn--coeurdesoi-qbb.com\/index.php\/wp-json\/wp\/v2\/media?parent=732"}],"curies":[{"name":"wp","href":"https:\/\/api.w.org\/{rel}","templated":true}]}}