{"id":742,"date":"2025-04-27T15:05:16","date_gmt":"2025-04-27T13:05:16","guid":{"rendered":"https:\/\/xn--coeurdesoi-qbb.com\/?page_id=742"},"modified":"2025-04-27T15:05:39","modified_gmt":"2025-04-27T13:05:39","slug":"soin-n2-detente-des-pieds-reflexologie-plantaire","status":"publish","type":"page","link":"https:\/\/xn--coeurdesoi-qbb.com\/index.php\/soin-n2-detente-des-pieds-reflexologie-plantaire\/","title":{"rendered":"SOIN n\u00b02 : D\u00e9tente des pieds : \u00ab REFLEXOLOGIE PLANTAIRE \u00bb"},"content":{"rendered":"\n<h5 class=\"wp-block-heading\">Partez du bon pied !<\/h5>\n\n\n\n<div class=\"wp-block-media-text is-stacked-on-mobile\" style=\"grid-template-columns:37% auto\"><figure class=\"wp-block-media-text__media\"><img loading=\"lazy\" decoding=\"async\" width=\"275\" height=\"183\" src=\"http:\/\/xn--coeurdesoi-qbb.com\/wp-content\/uploads\/2024\/09\/image-reflexologie-plantaire-2.jpeg\" alt=\"\" class=\"wp-image-162 size-full\"\/><\/figure><div class=\"wp-block-media-text__content\">\n<p>Ce protocole du pied issu de l\u2019extraordinaire m\u00e9thode de soin \u00e9gyptienne, vous apportera harmonisation et Sant\u00e9. Cette s\u00e9ance de r\u00e9flexologie a pour objectif de <strong>stimuler les capacit\u00e9s d\u2019autor\u00e9gulation du corps<\/strong>.<\/p>\n\n\n\n<p><strong>Description du soin : <\/strong>La r\u00e9flexologie des pieds est l\u2019utilisation de techniques de massage et d\u2019acupression sur l\u2019ensemble des pieds. Elle \u00e9tudie l\u2019activit\u00e9 r\u00e9flexe physique du corps.<\/p>\n<\/div><\/div>\n\n\n\n<p><\/p>\n\n\n\n<p>Cette m\u00e9thode d\u2019accompagnement est fond\u00e9e sur l\u2019existence de zones r\u00e9flexes au niveau des pieds, qui repr\u00e9sentent chaque organe du corps humain.<\/p>\n\n\n\n<p>La r\u00e9flexologie plantaire permet de traiter des douleurs et des troubles \u00e9motionnels. La&nbsp;r\u00e9flexologie&nbsp;plantaire est un art ancestral de d\u00e9pistage de pr\u00e9ventions et de traitements provoqu\u00e9s par des r\u00e9flexes.&nbsp;<\/p>\n\n\n\n<p>La r\u00e9flexologie est une technique manuelle pratiqu\u00e9e depuis l\u2019Antiquit\u00e9. Cette technique fait partie des m\u00e9decines naturelles, r\u00e9put\u00e9e depuis des mill\u00e9naires pour avoir la capacit\u00e9 d\u2019agir sur l\u2019ensemble de l\u2019organisme.<\/p>\n\n\n\n<p>La r\u00e9flexologie plantaire est l\u2019utilisation de techniques de massage et d\u2019acupression sur l\u2019ensemble des pieds. Elle \u00e9tudie l\u2019activit\u00e9 r\u00e9flexe physique et pathologique pr\u00e9c\u00e9dant une maladie.<\/p>\n\n\n\n<p>Cette m\u00e9thode d\u2019accompagnement est fond\u00e9e sur l\u2019existence de zones r\u00e9flexes au niveau des pieds, qui repr\u00e9sentent chaque organe du corps humain.<\/p>\n\n\n\n<p>En effet, le pied est la repr\u00e9sentation miniaturis\u00e9e du corps humain. Chaque zone r\u00e9flexe correspond un organe, une glande ou une partie du corps.<\/p>\n\n\n\n<p>Ce syst\u00e8me ost\u00e9o-articulaire est maintenu et fonctionne gr\u00e2ce \u00e0 un ensemble de muscles et de ligaments afin de maintenir en \u00e9quilibre la masse totale du corps.<\/p>\n\n\n\n<p>La boucle r\u00e9flexe va envoyer des signaux au niveau du syst\u00e8me nerveux central qui lui, va renvoyer des signaux au niveau de l\u2019organe ou de la glande, de la r\u00e9gion en dysfonction.<\/p>\n\n\n\n<p>Un toucher sp\u00e9cifique appliqu\u00e9 sur les zones r\u00e9flexes permet de localiser des tensions et autres dysfonctionnements. L\u2019activation de certains points par simple pression permet d\u2019agir sur les organes en d\u00e9s\u00e9quilibre ou encrass\u00e9s afin d\u2019am\u00e9liorer leur \u00e9tat ou les redynamiser.<\/p>\n\n\n\n<p>La r\u00e9flexologie plantaire permet de traiter des douleurs et des troubles \u00e9motionnels. La&nbsp;r\u00e9flexologie&nbsp;plantaire est un art ancestral de d\u00e9pistage de pr\u00e9ventions et de traitements provoqu\u00e9s par des r\u00e9flexes.&nbsp;<\/p>\n\n\n\n<div class=\"wp-block-buttons is-content-justification-center is-layout-flex wp-container-core-buttons-is-layout-16018d1d wp-block-buttons-is-layout-flex\">\n<div class=\"wp-block-button is-style-fill\"><a class=\"wp-block-button__link has-white-color has-text-color has-background has-link-color has-medium-font-size has-custom-font-size wp-element-button\" href=\"https:\/\/xn--coeurdesoi-qbb.com\/index.php\/formules-massages\/\" style=\"background:linear-gradient(158deg,rgb(242,235,235) 0%,rgb(17,237,200) 100%)\"><strong>Retour aux soins massage<\/strong><\/a><\/div>\n<\/div>\n","protected":false},"excerpt":{"rendered":"<p>Partez du bon pied ! Ce protocole du pied issu de l\u2019extraordinaire m\u00e9thode de soin \u00e9gyptienne, vous apportera harmonisation et Sant\u00e9. Cette s\u00e9ance de r\u00e9flexologie a pour objectif de stimuler les capacit\u00e9s d\u2019autor\u00e9gulation du corps. Description du soin : La r\u00e9flexologie des pieds est l\u2019utilisation de techniques de massage et d\u2019acupression sur l\u2019ensemble des pieds. &hellip; <\/p>\n","protected":false},"author":1,"featured_media":0,"parent":0,"menu_order":0,"comment_status":"closed","ping_status":"closed","template":"","meta":{"footnotes":""},"class_list":["post-742","page","type-page","status-publish","hentry"],"_links":{"self":[{"href":"https:\/\/xn--coeurdesoi-qbb.com\/index.php\/wp-json\/wp\/v2\/pages\/742","targetHints":{"allow":["GET"]}}],"collection":[{"href":"https:\/\/xn--coeurdesoi-qbb.com\/index.php\/wp-json\/wp\/v2\/pages"}],"about":[{"href":"https:\/\/xn--coeurdesoi-qbb.com\/index.php\/wp-json\/wp\/v2\/types\/page"}],"author":[{"embeddable":true,"href":"https:\/\/xn--coeurdesoi-qbb.com\/index.php\/wp-json\/wp\/v2\/users\/1"}],"replies":[{"embeddable":true,"href":"https:\/\/xn--coeurdesoi-qbb.com\/index.php\/wp-json\/wp\/v2\/comments?post=742"}],"version-history":[{"count":2,"href":"https:\/\/xn--coeurdesoi-qbb.com\/index.php\/wp-json\/wp\/v2\/pages\/742\/revisions"}],"predecessor-version":[{"id":744,"href":"https:\/\/xn--coeurdesoi-qbb.com\/index.php\/wp-json\/wp\/v2\/pages\/742\/revisions\/744"}],"wp:attachment":[{"href":"https:\/\/xn--coeurdesoi-qbb.com\/index.php\/wp-json\/wp\/v2\/media?parent=742"}],"curies":[{"name":"wp","href":"https:\/\/api.w.org\/{rel}","templated":true}]}}