{"id":747,"date":"2025-04-27T15:14:16","date_gmt":"2025-04-27T13:14:16","guid":{"rendered":"https:\/\/xn--coeurdesoi-qbb.com\/?page_id=747"},"modified":"2025-04-27T15:16:18","modified_gmt":"2025-04-27T13:16:18","slug":"soin-n1-detente-du-corps-entier-le-massage-signature-o-coeur-de-soi","status":"publish","type":"page","link":"https:\/\/xn--coeurdesoi-qbb.com\/index.php\/soin-n1-detente-du-corps-entier-le-massage-signature-o-coeur-de-soi\/","title":{"rendered":"SOIN n\u00b01 : D\u00e9tente du corps entier"},"content":{"rendered":"\n<h5 class=\"wp-block-heading\">Le massage signature \u00ab \u00d4 c\u0153ur de soi \u00bb , fermez les yeux et plongez \u00f4 c\u0153ur de vous m\u2019aime\u00a0!<\/h5>\n\n\n\n<div class=\"wp-block-media-text is-stacked-on-mobile\" style=\"grid-template-columns:39% auto\"><figure class=\"wp-block-media-text__media\"><img loading=\"lazy\" decoding=\"async\" width=\"1024\" height=\"691\" src=\"http:\/\/xn--coeurdesoi-qbb.com\/wp-content\/uploads\/slider2\/massage_dos_undula-1024x691.jpeg\" alt=\"\" class=\"wp-image-434 size-full\" srcset=\"https:\/\/xn--coeurdesoi-qbb.com\/wp-content\/uploads\/slider2\/massage_dos_undula-1024x691.jpeg 1024w, https:\/\/xn--coeurdesoi-qbb.com\/wp-content\/uploads\/slider2\/massage_dos_undula-300x202.jpeg 300w, https:\/\/xn--coeurdesoi-qbb.com\/wp-content\/uploads\/slider2\/massage_dos_undula-768x518.jpeg 768w, https:\/\/xn--coeurdesoi-qbb.com\/wp-content\/uploads\/slider2\/massage_dos_undula.jpeg 1075w\" sizes=\"auto, (max-width: 1024px) 100vw, 1024px\" \/><\/figure><div class=\"wp-block-media-text__content\">\n<p><strong>Description du soin : <\/strong>Ce protocole dit \u00ab&nbsp;Intuitif&nbsp;\u00bb issus des soins du monde entier (techniques adapt\u00e9es \u00e0 votre besoin du moment issues des m\u00e9decines ayurv\u00e9diques, chinoises, tib\u00e9taines, cor\u00e9ennes, japonaises, californienne, su\u00e9doise &amp; hawa\u00efenne). C\u2019est un soin de reconnexion \u00e0 soi et de bien-\u00eatre profond.<br><strong>Dur\u00e9e :<\/strong> de 1h \u00e0 2h<\/p>\n<\/div><\/div>\n\n\n\n<p><\/p>\n\n\n\n<p>Le <strong>massage <\/strong>cherche \u00e0 promouvoir le bien-\u00eatre en g\u00e9n\u00e9ral et \u00e0 renforcer la d\u00e9tente et le calme, ainsi que la stimulation et le r\u00e9-\u00e9quilibrage de nos 5 syst\u00e8mes du corps (nerveux, circulatoire, digestif, respiratoire et immunitaire).<\/p>\n\n\n\n<p>En outre, le massage favorise la sensibilit\u00e9 \u00e0 l\u2019interaction du corps et de l\u2019esprit, permettant \u00e0 chacun de prendre en charge son bien-\u00eatre, d\u2019att\u00e9nuer les tensions et r\u00e9duire consid\u00e9rablement le stress, la fatigue et les douleurs quotidiennes et r\u00e9guli\u00e8res.<\/p>\n\n\n\n<p>Ce massage enveloppant \u00e0 l\u2019huile apporte \u00e9nergie et r\u00e9tablit le magn\u00e9tisme du corps. Il r\u00e9\u00e9quilibre votre \u00e9nergie vitale et favorise un mieux-\u00eatre physique, \u00e9motionnel et psychique. Venez ressentir le temps d\u2019une bulle enchant\u00e9e tous les bienfaits de ce toucher du coeur.<\/p>\n\n\n\n<p>Ce soin vise essentiellement \u00e0 un retour \u00e0 Soi, \u00e0 plongez profond\u00e9ment \u00e0 l\u2019int\u00e9rieur de Soi et savourez l\u2019instant pr\u00e9sent dans le calme, la d\u00e9tente et le confort du corps retrouv\u00e9.<\/p>\n\n\n\n<div class=\"wp-block-buttons is-content-justification-center is-layout-flex wp-container-core-buttons-is-layout-16018d1d wp-block-buttons-is-layout-flex\">\n<div class=\"wp-block-button is-style-fill\"><a class=\"wp-block-button__link has-white-color has-text-color has-background has-link-color has-medium-font-size has-custom-font-size wp-element-button\" href=\"https:\/\/xn--coeurdesoi-qbb.com\/index.php\/formules-massages\/\" style=\"background:linear-gradient(158deg,rgb(242,235,235) 0%,rgb(17,237,200) 100%)\"><strong>Retour aux soins massage<\/strong><\/a><\/div>\n<\/div>\n","protected":false},"excerpt":{"rendered":"<p>Le massage signature \u00ab \u00d4 c\u0153ur de soi \u00bb , fermez les yeux et plongez \u00f4 c\u0153ur de vous m\u2019aime\u00a0! Description du soin : Ce protocole dit \u00ab&nbsp;Intuitif&nbsp;\u00bb issus des soins du monde entier (techniques adapt\u00e9es \u00e0 votre besoin du moment issues des m\u00e9decines ayurv\u00e9diques, chinoises, tib\u00e9taines, cor\u00e9ennes, japonaises, californienne, su\u00e9doise &amp; hawa\u00efenne). C\u2019est un &hellip; <\/p>\n","protected":false},"author":1,"featured_media":0,"parent":0,"menu_order":0,"comment_status":"closed","ping_status":"closed","template":"","meta":{"footnotes":""},"class_list":["post-747","page","type-page","status-publish","hentry"],"_links":{"self":[{"href":"https:\/\/xn--coeurdesoi-qbb.com\/index.php\/wp-json\/wp\/v2\/pages\/747","targetHints":{"allow":["GET"]}}],"collection":[{"href":"https:\/\/xn--coeurdesoi-qbb.com\/index.php\/wp-json\/wp\/v2\/pages"}],"about":[{"href":"https:\/\/xn--coeurdesoi-qbb.com\/index.php\/wp-json\/wp\/v2\/types\/page"}],"author":[{"embeddable":true,"href":"https:\/\/xn--coeurdesoi-qbb.com\/index.php\/wp-json\/wp\/v2\/users\/1"}],"replies":[{"embeddable":true,"href":"https:\/\/xn--coeurdesoi-qbb.com\/index.php\/wp-json\/wp\/v2\/comments?post=747"}],"version-history":[{"count":4,"href":"https:\/\/xn--coeurdesoi-qbb.com\/index.php\/wp-json\/wp\/v2\/pages\/747\/revisions"}],"predecessor-version":[{"id":753,"href":"https:\/\/xn--coeurdesoi-qbb.com\/index.php\/wp-json\/wp\/v2\/pages\/747\/revisions\/753"}],"wp:attachment":[{"href":"https:\/\/xn--coeurdesoi-qbb.com\/index.php\/wp-json\/wp\/v2\/media?parent=747"}],"curies":[{"name":"wp","href":"https:\/\/api.w.org\/{rel}","templated":true}]}}