{"id":85,"date":"2024-07-14T22:08:52","date_gmt":"2024-07-14T20:08:52","guid":{"rendered":"https:\/\/xn--coeurdesoi-qbb.com\/?page_id=85"},"modified":"2025-04-27T15:22:30","modified_gmt":"2025-04-27T13:22:30","slug":"lampe-lucia","status":"publish","type":"page","link":"https:\/\/xn--coeurdesoi-qbb.com\/index.php\/lampe-lucia\/","title":{"rendered":"Lampe Lucia"},"content":{"rendered":"\n<div class=\"wp-block-media-text is-stacked-on-mobile\" style=\"grid-template-columns:24% auto\"><figure class=\"wp-block-media-text__media\"><img loading=\"lazy\" decoding=\"async\" width=\"300\" height=\"168\" src=\"http:\/\/xn--coeurdesoi-qbb.com\/wp-content\/uploads\/2024\/09\/Lucia-light.jpeg\" alt=\"\" class=\"wp-image-136 size-full\"\/><\/figure><div class=\"wp-block-media-text__content\">\n<p><strong>Qu\u2019est-ce que Lucia&nbsp;?<\/strong><\/p>\n\n\n\n<p>Lucia N\u00b003 est un appareil de lumi\u00e8re combinant un stroboscope (lumi\u00e8re qui flash) avec des vitesses et intensit\u00e9s variables, et&nbsp;des LED&nbsp;(lumi\u00e8re constante) g\u00e9n\u00e9rant aussi diff\u00e9rents degr\u00e9s de luminosit\u00e9. Alors que le stroboscope active certains types d\u2019exp\u00e9rience tels que, perception intense de couleurs et de formes, sensation de perte de son corps, etc. la lumi\u00e8re constante est quant \u00e0 elle responsable de l\u2019exp\u00e9rience de lumi\u00e8re en elle-m\u00eame.<\/p>\n\n\n\n<p>Dur\u00e9e environ 1h pr\u00e9paration comprise \u2013 La s\u00e9ance : 45\u20ac<\/p>\n<\/div><\/div>\n\n\n\n<p><strong>Description du soin : <\/strong>La lampe Lucia est un neuro-stimulateur qui d\u00e9clenche des formes d\u2019ondes c\u00e9r\u00e9brales (EEG) normalement observ\u00e9es apr\u00e8s plusieurs ann\u00e9es de pratique de m\u00e9ditation. Puisque le processus implique bien plus que la simple reproduction visuelle d\u2019un ph\u00e9nom\u00e8ne g\u00e9n\u00e9r\u00e9 par une source de lumi\u00e8re intense, chaque exp\u00e9rience est v\u00e9cue de mani\u00e8re&nbsp;diff\u00e9rente et elle est toujours assist\u00e9e d&rsquo;une personne habilit\u00e9e.<\/p>\n\n\n\n<p><strong>L\u2019utilit\u00e9 de cette exp\u00e9rience est incomparable et les&nbsp;effets d\u2019une premi\u00e8re s\u00e9ance peuvent d\u00e9clencher le d\u00e9sir de s\u00e9ances suppl\u00e9mentaires<\/strong>.<\/p>\n\n\n\n<p>Pr\u00e9conisation : L\u2019utilisation de Lucia&nbsp; reste \u00e0 l\u2019enti\u00e8re responsabilit\u00e9 de son utilisateur.&nbsp;Ce syst\u00e8me ne doit pas \u00eatre&nbsp;utilis\u00e9 sur des enfants en bas \u00e2ge, des femmes enceintes, ou des individus&nbsp;souffrant d\u2019intol\u00e9rance aux lumi\u00e8res stroboscopiques \u2013 i.e. d\u00fb \u00e0&nbsp;une condition psychologique (psychose, trouble de l\u2019anxi\u00e9t\u00e9, etc.), ou tout autre individu&nbsp;ayant une pathologique m\u00e9dicale avec&nbsp;un ant\u00e9c\u00e9dent \u00e9pileptique.<\/p>\n\n\n<div class=\"wp-block-image\">\n<figure class=\"aligncenter size-full\"><img loading=\"lazy\" decoding=\"async\" width=\"851\" height=\"315\" src=\"http:\/\/xn--coeurdesoi-qbb.com\/wp-content\/uploads\/slider2\/lucia_image.jpeg\" alt=\"\" class=\"wp-image-435\" srcset=\"https:\/\/xn--coeurdesoi-qbb.com\/wp-content\/uploads\/slider2\/lucia_image.jpeg 851w, https:\/\/xn--coeurdesoi-qbb.com\/wp-content\/uploads\/slider2\/lucia_image-300x111.jpeg 300w, https:\/\/xn--coeurdesoi-qbb.com\/wp-content\/uploads\/slider2\/lucia_image-768x284.jpeg 768w\" sizes=\"auto, (max-width: 851px) 100vw, 851px\" \/><\/figure><\/div>\n\n\n<p><\/p>\n\n\n\n<div class=\"wp-block-buttons is-content-justification-center is-layout-flex wp-container-core-buttons-is-layout-16018d1d wp-block-buttons-is-layout-flex\">\n<div class=\"wp-block-button is-style-fill\"><a class=\"wp-block-button__link has-white-color has-text-color has-background has-link-color has-medium-font-size has-custom-font-size wp-element-button\" href=\"https:\/\/xn--coeurdesoi-qbb.com\/index.php\/tarifs\/\" style=\"background:linear-gradient(158deg,rgb(242,235,235) 0%,rgb(17,237,200) 100%)\"><strong>Prestations<\/strong><\/a><\/div>\n<\/div>\n","protected":false},"excerpt":{"rendered":"<p>Qu\u2019est-ce que Lucia&nbsp;? Lucia N\u00b003 est un appareil de lumi\u00e8re combinant un stroboscope (lumi\u00e8re qui flash) avec des vitesses et intensit\u00e9s variables, et&nbsp;des LED&nbsp;(lumi\u00e8re constante) g\u00e9n\u00e9rant aussi diff\u00e9rents degr\u00e9s de luminosit\u00e9. Alors que le stroboscope active certains types d\u2019exp\u00e9rience tels que, perception intense de couleurs et de formes, sensation de perte de son corps, etc. &hellip; <\/p>\n","protected":false},"author":1,"featured_media":0,"parent":0,"menu_order":0,"comment_status":"closed","ping_status":"closed","template":"","meta":{"footnotes":""},"class_list":["post-85","page","type-page","status-publish","hentry"],"_links":{"self":[{"href":"https:\/\/xn--coeurdesoi-qbb.com\/index.php\/wp-json\/wp\/v2\/pages\/85","targetHints":{"allow":["GET"]}}],"collection":[{"href":"https:\/\/xn--coeurdesoi-qbb.com\/index.php\/wp-json\/wp\/v2\/pages"}],"about":[{"href":"https:\/\/xn--coeurdesoi-qbb.com\/index.php\/wp-json\/wp\/v2\/types\/page"}],"author":[{"embeddable":true,"href":"https:\/\/xn--coeurdesoi-qbb.com\/index.php\/wp-json\/wp\/v2\/users\/1"}],"replies":[{"embeddable":true,"href":"https:\/\/xn--coeurdesoi-qbb.com\/index.php\/wp-json\/wp\/v2\/comments?post=85"}],"version-history":[{"count":13,"href":"https:\/\/xn--coeurdesoi-qbb.com\/index.php\/wp-json\/wp\/v2\/pages\/85\/revisions"}],"predecessor-version":[{"id":760,"href":"https:\/\/xn--coeurdesoi-qbb.com\/index.php\/wp-json\/wp\/v2\/pages\/85\/revisions\/760"}],"wp:attachment":[{"href":"https:\/\/xn--coeurdesoi-qbb.com\/index.php\/wp-json\/wp\/v2\/media?parent=85"}],"curies":[{"name":"wp","href":"https:\/\/api.w.org\/{rel}","templated":true}]}}