{"id":86,"date":"2024-07-14T22:09:19","date_gmt":"2024-07-14T20:09:19","guid":{"rendered":"https:\/\/xn--coeurdesoi-qbb.com\/?page_id=86"},"modified":"2025-04-27T15:21:56","modified_gmt":"2025-04-27T13:21:56","slug":"bol-dair-jacquier","status":"publish","type":"page","link":"https:\/\/xn--coeurdesoi-qbb.com\/index.php\/bol-dair-jacquier\/","title":{"rendered":"Bol d&rsquo;air Jacquier"},"content":{"rendered":"\n<div class=\"wp-block-media-text is-stacked-on-mobile\" style=\"grid-template-columns:23% auto\"><figure class=\"wp-block-media-text__media\"><img loading=\"lazy\" decoding=\"async\" width=\"960\" height=\"960\" src=\"http:\/\/xn--coeurdesoi-qbb.com\/wp-content\/uploads\/slider2\/bol-jacquier.jpeg\" alt=\"\" class=\"wp-image-422 size-full\" srcset=\"https:\/\/xn--coeurdesoi-qbb.com\/wp-content\/uploads\/slider2\/bol-jacquier.jpeg 960w, https:\/\/xn--coeurdesoi-qbb.com\/wp-content\/uploads\/slider2\/bol-jacquier-300x300.jpeg 300w, https:\/\/xn--coeurdesoi-qbb.com\/wp-content\/uploads\/slider2\/bol-jacquier-150x150.jpeg 150w, https:\/\/xn--coeurdesoi-qbb.com\/wp-content\/uploads\/slider2\/bol-jacquier-768x768.jpeg 768w, https:\/\/xn--coeurdesoi-qbb.com\/wp-content\/uploads\/slider2\/bol-jacquier-65x65.jpeg 65w, https:\/\/xn--coeurdesoi-qbb.com\/wp-content\/uploads\/slider2\/bol-jacquier-160x159.jpeg 160w\" sizes=\"auto, (max-width: 960px) 100vw, 960px\" \/><\/figure><div class=\"wp-block-media-text__content\">\n<p>\u00ab\u00a0L&rsquo;oxyg\u00e9nation cellulaire.\u00a0\u00bb<\/p>\n\n\n\n<p>Pour vivre en pleine sant\u00e9, nous avons besoin constamment d\u2019une oxyg\u00e9nation \u00e9quilibr\u00e9e.<\/p>\n\n\n\n<p>Ce bol d\u2019air est une m\u00e9thode unique et puissante, dont le dispositif \u00e9labor\u00e9 permet de transformer les parties volatiles d\u2019un extrait de r\u00e9sine de pin en porteurs d\u2019oxyg\u00e8ne, pour faciliter son assimilation dans l\u2019organisme. Sans risque d\u2019hyper oxyg\u00e9nation et sans danger radicalaire.<\/p>\n\n\n\n<p>Chaque s\u00e9ance est \u00e0 l\u2019origine d\u2019une stimulation durable qui lutte contre le vieillissement cellulaire.<\/p>\n\n\n\n<p>Dur\u00e9e environ 10min \u2013 La s\u00e9ance : 15\u20ac<\/p>\n<\/div><\/div>\n\n\n\n<details class=\"wp-block-details is-layout-flow wp-block-details-is-layout-flow\"><summary><strong>Description du soin : <\/strong>Le bol d\u2019air am\u00e9liore la biodisponibilit\u00e9 de l\u2019oxyg\u00e8ne au c\u0153ur de l\u2019organisme. Il se distingue de toute oxyg\u00e9nation classique quantitative et ne g\u00e9n\u00e8re pas de stress oxydatif.<br>Le compos\u00e9 terp\u00e9nique sp\u00e9cial Bol d\u2019air est issu de l\u2019hydrodistillat de la r\u00e9sine de pin \u00ab&nbsp;Pinus Pinaster&nbsp;\u00bb, cette essence de t\u00e9r\u00e9bentine naturelle , ch\u00e9motyp\u00e9e, d\u2019une qualit\u00e9 particuli\u00e8re.<\/summary>\n<p>L\u2019utilisation du Bol d\u2019air Jacquier , s\u2019adresse \u00e0 tout \u00e2ge et \u00e0 toutes les conditions physiques&nbsp;:<\/p>\n\n\n\n<ul class=\"wp-block-list\">\n<li>Pour les adolescents en p\u00e9riode d\u2019examens.<\/li>\n\n\n\n<li>Pour toute personne soucieuse de pr\u00e9server ou de restaurer son capital sant\u00e9.<\/li>\n\n\n\n<li>Lors des changements de saisons, des p\u00e9riodes de stress, d\u2019allergies et de pollution.<\/li>\n\n\n\n<li>Lorsque l\u2019organisme pr\u00e9sente une moindre r\u00e9sistance et devient plus vuln\u00e9rable.<\/li>\n\n\n\n<li>Pour accompagner la perte de poids.<\/li>\n\n\n\n<li>Pour optimiser d\u2019autres soins<\/li>\n\n\n\n<li>Pour l\u2019oxyg\u00e9nation du sportif&nbsp;:<\/li>\n\n\n\n<li>Pr\u00e9parer votre entrainement<\/li>\n\n\n\n<li>G\u00e9rer le stress de la comp\u00e9tition<\/li>\n\n\n\n<li>Gagner en endurance<\/li>\n\n\n\n<li>Am\u00e9liorer vos performances<\/li>\n\n\n\n<li>Optimiser votre r\u00e9cup\u00e9ration<\/li>\n<\/ul>\n\n\n\n<p>Lors de votre s\u00e9ance, nous vous proposons de coupler les bienfaits du Bol d\u2019air Jacquier avec une s\u00e9ance de coh\u00e9rence cardiaque, afin d\u2019amplifier les bienfaits de cette oxyg\u00e9nation cellulaire et de vous permettre d\u2019\u00eatre encore mieux d\u00e9tendu et relax\u00e9.<\/p>\n<\/details>\n\n\n\n<p>faits de cette oxyg\u00e9nation cellulaire et de vous permettre d\u2019\u00eatre encore mieux d\u00e9tendu et relax\u00e9.<\/p>\n\n\n<div class=\"wp-block-image\">\n<figure class=\"aligncenter size-full\"><img loading=\"lazy\" decoding=\"async\" width=\"500\" height=\"667\" src=\"http:\/\/xn--coeurdesoi-qbb.com\/wp-content\/uploads\/2025\/04\/bol_jacquier.jpg\" alt=\"\" class=\"wp-image-321\" srcset=\"https:\/\/xn--coeurdesoi-qbb.com\/wp-content\/uploads\/2025\/04\/bol_jacquier.jpg 500w, https:\/\/xn--coeurdesoi-qbb.com\/wp-content\/uploads\/2025\/04\/bol_jacquier-225x300.jpg 225w\" sizes=\"auto, (max-width: 500px) 100vw, 500px\" \/><\/figure><\/div>\n\n\n<p><\/p>\n\n\n\n<div class=\"wp-block-buttons is-content-justification-center is-layout-flex wp-container-core-buttons-is-layout-16018d1d wp-block-buttons-is-layout-flex\">\n<div class=\"wp-block-button is-style-fill\"><a class=\"wp-block-button__link has-white-color has-text-color has-background has-link-color has-medium-font-size has-custom-font-size wp-element-button\" href=\"https:\/\/xn--coeurdesoi-qbb.com\/index.php\/tarifs\/\" style=\"background:linear-gradient(158deg,rgb(242,235,235) 0%,rgb(17,237,200) 100%)\"><strong>Prestations<\/strong><\/a><\/div>\n<\/div>\n","protected":false},"excerpt":{"rendered":"<p>\u00ab\u00a0L&rsquo;oxyg\u00e9nation cellulaire.\u00a0\u00bb Pour vivre en pleine sant\u00e9, nous avons besoin constamment d\u2019une oxyg\u00e9nation \u00e9quilibr\u00e9e. Ce bol d\u2019air est une m\u00e9thode unique et puissante, dont le dispositif \u00e9labor\u00e9 permet de transformer les parties volatiles d\u2019un extrait de r\u00e9sine de pin en porteurs d\u2019oxyg\u00e8ne, pour faciliter son assimilation dans l\u2019organisme. Sans risque d\u2019hyper oxyg\u00e9nation et sans danger &hellip; <\/p>\n","protected":false},"author":1,"featured_media":0,"parent":0,"menu_order":0,"comment_status":"closed","ping_status":"closed","template":"","meta":{"footnotes":""},"class_list":["post-86","page","type-page","status-publish","hentry"],"_links":{"self":[{"href":"https:\/\/xn--coeurdesoi-qbb.com\/index.php\/wp-json\/wp\/v2\/pages\/86","targetHints":{"allow":["GET"]}}],"collection":[{"href":"https:\/\/xn--coeurdesoi-qbb.com\/index.php\/wp-json\/wp\/v2\/pages"}],"about":[{"href":"https:\/\/xn--coeurdesoi-qbb.com\/index.php\/wp-json\/wp\/v2\/types\/page"}],"author":[{"embeddable":true,"href":"https:\/\/xn--coeurdesoi-qbb.com\/index.php\/wp-json\/wp\/v2\/users\/1"}],"replies":[{"embeddable":true,"href":"https:\/\/xn--coeurdesoi-qbb.com\/index.php\/wp-json\/wp\/v2\/comments?post=86"}],"version-history":[{"count":11,"href":"https:\/\/xn--coeurdesoi-qbb.com\/index.php\/wp-json\/wp\/v2\/pages\/86\/revisions"}],"predecessor-version":[{"id":759,"href":"https:\/\/xn--coeurdesoi-qbb.com\/index.php\/wp-json\/wp\/v2\/pages\/86\/revisions\/759"}],"wp:attachment":[{"href":"https:\/\/xn--coeurdesoi-qbb.com\/index.php\/wp-json\/wp\/v2\/media?parent=86"}],"curies":[{"name":"wp","href":"https:\/\/api.w.org\/{rel}","templated":true}]}}